{"id":141,"date":"2015-06-30T08:00:04","date_gmt":"2015-06-30T08:00:04","guid":{"rendered":"http:\/\/moresimp.com\/?page_id=141"},"modified":"2022-05-31T07:31:20","modified_gmt":"2022-05-31T07:31:20","slug":"attekintes","status":"publish","type":"page","link":"https:\/\/simptask.com\/hu\/","title":{"rendered":"\u00c1ttekint\u00e9s"},"content":{"rendered":"<p>[vc_row bg_image=&#8221;1958&#8243; parallax_bg=&#8221;true&#8221; bg_color=&#8221;#aebf4f&#8221; text_color=&#8221;light&#8221; top_padding=&#8221;180&#8243; bottom_padding=&#8221;180&#8243; bg_position=&#8221;center center&#8221;][vc_column width=&#8221;1\/1&#8243;]<h1 class=\"headline font-special fontsize-xxxxl fontweight-700 lh-12 align-center transform-uppercase \" style=\"margin: 20px; color: #ffffff;\">Hogy egyszer\u0171bben v\u00e9gezhesse munk\u00e1j\u00e1t<\/p>\n<\/h1><h2 class=\"headline font-inherit fontsize-xxl fontweight-inherit lh-inherit align-center transform-inherit \" style=\"margin: 0 0 20px 0;\">\nA simpTASK haszn\u00e1lat\u00e1val mindig tudni fogja, hogy mit, mikorra kell megcsin\u00e1lnia, \u00e9s azt is, hogy a csapata hogy \u00e1ll a feladataival!<\/p>\n<\/h2>[\/vc_column][\/vc_row][vc_row bg_color=&#8221;#fafafa&#8221;][vc_column width=&#8221;1\/1&#8243;]<div class=\"spacer\" style=\"height: 40px;\"><\/div>[\/vc_column][\/vc_row][vc_row top_padding=&#8221;0&#8243; bottom_padding=&#8221;80&#8243;][vc_column bg_color=&#8221;#f9f9f9&#8243; width=&#8221;1\/3&#8243;]<h2 class=\"headline font-inherit fontsize-m fontweight-inherit lh-inherit align-center transform-inherit \" style=\"margin: 20px 0 20px 0;\">\n<p>Mely feladatokon kell ma dolgoznom?<\/p>\n<\/h2><div class=\"single_image wpb_content_element align-center    \" data-animation=\"none\" data-delay=\"0\"><a href=\"https:\/\/simptask.com\/wp-content\/uploads\/2015\/09\/feladataim-lista1.jpg\" class=\"prettyPhoto\" rel=\"prettyPhoto[image]\"><img width=\"1366\" height=\"768\" src=\"https:\/\/simptask.com\/wp-content\/uploads\/2015\/09\/feladataim-lista1.jpg\" class=\"attachment-full\" alt=\"\" decoding=\"async\" loading=\"lazy\" srcset=\"https:\/\/simptask.com\/wp-content\/uploads\/2015\/09\/feladataim-lista1.jpg 1366w, https:\/\/simptask.com\/wp-content\/uploads\/2015\/09\/feladataim-lista1-300x169.jpg 300w, https:\/\/simptask.com\/wp-content\/uploads\/2015\/09\/feladataim-lista1-1024x576.jpg 1024w, https:\/\/simptask.com\/wp-content\/uploads\/2015\/09\/feladataim-lista1-1000x563.jpg 1000w\" sizes=\"(max-width: 1366px) 100vw, 1366px\"><\/a><\/div>\n<div class=\"box clearfix style-3 wpb_content_element align-center \" style=\"padding: 10px 10px 10px 10px; \">Minden nap pontosan tudni fogja, hogy mely feladatokkal kell foglalkoznia, mikorra kell azokat befejeznie, illetve hogy m\u00e9g mennyi id\u0151t sz\u00e1nhat r\u00e1juk.\u00a0Ugyanezt a h\u00e9t elej\u00e9n is megteheti: l\u00e1tni fogja, hogy a h\u00e9tre kiosztott feladatait j\u00f3 esetben mikorra fejezn\u00e9 be, hogy t\u00falterhelts\u00e9g eset\u00e9n id\u0151ben seg\u00edts\u00e9get tudjon k\u00e9rni.<\/p>\n<p>V\u00e1llalatir\u00e1ny\u00edt\u00e1si rendszer\u00fcnk seg\u00edti \u00d6nt a feladatok allok\u00e1l\u00e1s\u00e1ban \u00e9s az eredm\u00e9nyek kontroll\u00e1l\u00e1s\u00e1ban. A simpTASK haszn\u00e1lat\u00e1val n\u00f6velheti csapata munk\u00e1j\u00e1nak hat\u00e9konys\u00e1g\u00e1t.<\/div>[\/vc_column][vc_column width=&#8221;1\/3&#8243;]<h2 class=\"headline font-inherit fontsize-m fontweight-inherit lh-inherit align-center transform-inherit \" style=\"margin: 20px 0 20px 0;\">\nHogyan haladunk a feladatokkal?<\/p>\n<\/h2><div class=\"single_image wpb_content_element align-center    \" data-animation=\"none\" data-delay=\"0\"><a href=\"https:\/\/simptask.com\/wp-content\/uploads\/2015\/09\/projekt-lista1.jpg\" class=\"prettyPhoto\" rel=\"prettyPhoto[image]\"><img width=\"1366\" height=\"768\" src=\"https:\/\/simptask.com\/wp-content\/uploads\/2015\/09\/projekt-lista1.jpg\" class=\"attachment-full\" alt=\"\" decoding=\"async\" loading=\"lazy\" srcset=\"https:\/\/simptask.com\/wp-content\/uploads\/2015\/09\/projekt-lista1.jpg 1366w, https:\/\/simptask.com\/wp-content\/uploads\/2015\/09\/projekt-lista1-300x169.jpg 300w, https:\/\/simptask.com\/wp-content\/uploads\/2015\/09\/projekt-lista1-1024x576.jpg 1024w, https:\/\/simptask.com\/wp-content\/uploads\/2015\/09\/projekt-lista1-1000x563.jpg 1000w\" sizes=\"(max-width: 1366px) 100vw, 1366px\"><\/a><\/div>\n<div class=\"box clearfix style-7 wpb_content_element align-center \" style=\"padding: 10px 10px 10px 10px; \">L\u00e1tni fogja, hogy csapat\u00e1ban ki hogy halad a feladataival, \u00e9s azt is, ha be kell avatkoznia a hat\u00e1rid\u0151 betart\u00e1sa \u00e9rdek\u00e9ben.\u00a0Ezen fel\u00fcl nyomon k\u00f6vetheti a feladatok, projektek aktu\u00e1lis k\u00e9sz\u00fclts\u00e9g\u00e9t, a r\u00e1ford\u00edtott munka mennyis\u00e9g\u00e9t, vagy ak\u00e1r az elk\u00e9sz\u00fclt dokumentumokat is.<\/p>\n<p>A e-mail \u00fczenetben kik\u00fcld\u00f6tt kock\u00e1zatjelent\u00e9seknek k\u00f6sz\u00f6nhet\u0151en azonnal \u00e9rtes\u00fclhet amennyiben projektejeinek vagy feladatainak halad\u00e1sa elt\u00e9r a tervezett\u0151l, \u00edgy pontosabban ellen\u0151rizheti a\u00a0megval\u00f3sul\u00e1st, \u00e9s nyugodtabban v\u00e9gezheti munk\u00e1j\u00e1t.<\/div>[\/vc_column][vc_column bg_color=&#8221;#f9f9f9&#8243; width=&#8221;1\/3&#8243;]<h2 class=\"headline font-inherit fontsize-m fontweight-inherit lh-inherit align-center transform-inherit \" style=\"margin: 20px 0 20px 0;\">\nMunkar\u00f6gz\u00edt\u00e9s percek alatt<\/p>\n<\/h2><div class=\"single_image wpb_content_element align-center    \" data-animation=\"none\" data-delay=\"0\"><a href=\"https:\/\/simptask.com\/wp-content\/uploads\/2015\/09\/tevekenyseg-rogzites-b1.jpg\" class=\"prettyPhoto\" rel=\"prettyPhoto[image]\"><img width=\"1366\" height=\"768\" src=\"https:\/\/simptask.com\/wp-content\/uploads\/2015\/09\/tevekenyseg-rogzites-b1.jpg\" class=\"attachment-full\" alt=\"\" decoding=\"async\" loading=\"lazy\" srcset=\"https:\/\/simptask.com\/wp-content\/uploads\/2015\/09\/tevekenyseg-rogzites-b1.jpg 1366w, https:\/\/simptask.com\/wp-content\/uploads\/2015\/09\/tevekenyseg-rogzites-b1-300x169.jpg 300w, https:\/\/simptask.com\/wp-content\/uploads\/2015\/09\/tevekenyseg-rogzites-b1-1024x576.jpg 1024w, https:\/\/simptask.com\/wp-content\/uploads\/2015\/09\/tevekenyseg-rogzites-b1-1000x563.jpg 1000w\" sizes=\"(max-width: 1366px) 100vw, 1366px\"><\/a><\/div>\n<div class=\"box clearfix style-3 wpb_content_element align-center \" style=\"padding: 10px 10px 10px 10px; \">A tev\u00e9kenys\u00e9gek nyilv\u00e1ntart\u00e1s\u00e1t a projekttagok v\u00e9gzik. Napi 5 perces munk\u00e1val b\u00e1rki feljegyezheti, hogy hogy \u00e1ll a munk\u00e1val, egy k\u00e9nyelmes online fel\u00fcleten.\u00a0A r\u00e9szletes munkaid\u0151 nyilv\u00e1ntart\u00e1snak\u00a0k\u00f6sz\u00f6nhet\u0151en a projektmenedzsereknek sem kell tov\u00e1bb bajl\u00f3dniuk a hosszas adminisztr\u00e1ci\u00f3val.<\/p>\n<p>A pap\u00edron vezetett jelenl\u00e9ti \u00edvet r\u00e9szletes \u00e9s hat\u00e9kony digit\u00e1lis munkaid\u0151-nyilv\u00e1ntart\u00e1sra cser\u00e9lheti. Cs\u00f6kkentse a pap\u00edrmunk\u00e1t \u00e9s felesleges adminisztr\u00e1ci\u00f3t c\u00e9g\u00e9n\u00e9l!<\/div>[\/vc_column][\/vc_row][vc_row bottom_padding=&#8221;50&#8243;][vc_column text_align=&#8221;center&#8221; width=&#8221;1\/1&#8243;]<a href=\"https:\/\/simptask.com\/hu\/kapcsolat\/\" target=\"_self\" class=\"button color-3 large \" style=\"border-radius: 2px;\">KAPCSOLAT<\/a>[\/vc_column][\/vc_row]<\/p>\n","protected":false},"excerpt":{"rendered":"<p>[vc_row bg_image=&#8221;1958&#8243; parallax_bg=&#8221;true&#8221; bg_color=&#8221;#aebf4f&#8221; text_color=&#8221;light&#8221; top_padding=&#8221;180&#8243; bottom_padding=&#8221;180&#8243; bg_position=&#8221;center center&#8221;][vc_column width=&#8221;1\/1&#8243;][\/vc_column][\/vc_row][vc_row bg_color=&#8221;#fafafa&#8221;][vc_column width=&#8221;1\/1&#8243;][\/vc_column][\/vc_row][vc_row top_padding=&#8221;0&#8243; bottom_padding=&#8221;80&#8243;][vc_column bg_color=&#8221;#f9f9f9&#8243; width=&#8221;1\/3&#8243;][\/vc_column][vc_column width=&#8221;1\/3&#8243;][\/vc_column][vc_column bg_color=&#8221;#f9f9f9&#8243; width=&#8221;1\/3&#8243;][\/vc_column][\/vc_row][vc_row bottom_padding=&#8221;50&#8243;][vc_column text_align=&#8221;center&#8221; width=&#8221;1\/1&#8243;][\/vc_column][\/vc_row]<\/p>\n","protected":false},"author":1,"featured_media":0,"parent":0,"menu_order":0,"comment_status":"closed","ping_status":"closed","template":"","meta":[],"_links":{"self":[{"href":"https:\/\/simptask.com\/hu\/wp-json\/wp\/v2\/pages\/141"}],"collection":[{"href":"https:\/\/simptask.com\/hu\/wp-json\/wp\/v2\/pages"}],"about":[{"href":"https:\/\/simptask.com\/hu\/wp-json\/wp\/v2\/types\/page"}],"author":[{"embeddable":true,"href":"https:\/\/simptask.com\/hu\/wp-json\/wp\/v2\/users\/1"}],"replies":[{"embeddable":true,"href":"https:\/\/simptask.com\/hu\/wp-json\/wp\/v2\/comments?post=141"}],"version-history":[{"count":171,"href":"https:\/\/simptask.com\/hu\/wp-json\/wp\/v2\/pages\/141\/revisions"}],"predecessor-version":[{"id":3028,"href":"https:\/\/simptask.com\/hu\/wp-json\/wp\/v2\/pages\/141\/revisions\/3028"}],"wp:attachment":[{"href":"https:\/\/simptask.com\/hu\/wp-json\/wp\/v2\/media?parent=141"}],"curies":[{"name":"wp","href":"https:\/\/api.w.org\/{rel}","templated":true}]}}