{"id":185,"date":"2015-06-30T09:23:46","date_gmt":"2015-06-30T09:23:46","guid":{"rendered":"http:\/\/moresimp.com\/?page_id=185"},"modified":"2022-05-31T07:35:00","modified_gmt":"2022-05-31T07:35:00","slug":"elonyok","status":"publish","type":"page","link":"https:\/\/simptask.com\/hu\/elonyok\/","title":{"rendered":"El\u0151ny\u00f6k"},"content":{"rendered":"<p>[vc_row bg_image=&#8221;1960&#8243; parallax_bg=&#8221;true&#8221; bg_color=&#8221;#aebf4f&#8221; top_padding=&#8221;149&#8243; bottom_padding=&#8221;149&#8243; bg_position=&#8221;center center&#8221;][vc_column width=&#8221;1\/1&#8243;]<h2 class=\"headline font-inherit fontsize-xxl fontweight-inherit lh-inherit align-left transform-inherit \" style=\"margin: 0 0 20px 0; color: #ffffff;\">\na simpTASK haszn\u00e1lat\u00e1nak<\/p>\n<\/h2><h1 class=\"headline font-special fontsize-xxxxl fontweight-700 lh-12 align-left transform-uppercase \" style=\"margin: 0; color: #ffffff;\">El\u0151nyei<br \/>\n<\/h1>[\/vc_column][\/vc_row][vc_row][vc_column width=&#8221;1\/1&#8243;]<div class=\"spacer\" style=\"height: 40px;\"><\/div><h2 class=\"headline font-inherit fontsize-xl fontweight-inherit lh-inherit align-center transform-inherit \" style=\"margin: 0 0 20px 0;\">Projektvezet\u0151k\u00e9nt<\/p>\n<\/h2>[\/vc_column][\/vc_row][vc_row top_padding=&#8221;80&#8243; bottom_padding=&#8221;40&#8243;][vc_column width=&#8221;1\/3&#8243;]<div class=\"iconbox  wpb_content_element iconbox-style-3 icon-color-accent color-dark\"><i class=\"fa fa-pencil-square-o boxicon\" style=\"\"><\/i><h3>Egyszer\u0171bben tervezhet<\/h3><p>\n<p>A hierarchikus n\u00e9zetben p\u00e1r kattint\u00e1ssal megtervezheti projektjei \u00e9s feladatai er\u0151forr\u00e1ssz\u00fcks\u00e9glet\u00e9t, illetve azok elv\u00e1rt r\u00e1ford\u00edt\u00e1s\u00e1t.\u00a0A k\u00e9sz\u00fcl\u0151 er\u0151forr\u00e1s-tervez\u0151 modulban pedig m\u00e9g egyszer\u0171bben v\u00e9gezheti majd a kezdeti l\u00e9p\u00e9seket.<\/p>\n<\/p><\/div>[\/vc_column][vc_column width=&#8221;1\/3&#8243;]<div class=\"iconbox  wpb_content_element iconbox-style-3 icon-color-accent color-dark\"><i class=\"fa fa-download boxicon\" style=\"\"><\/i><h3>Import\u00e1lhat MS Projectb\u0151l<\/h3><p>\n<p>Amennyiben m\u00e1r van k\u00e9sz projektterve, ak\u00e1r MS Project-b\u0151l is tudja import\u00e1lni azt. Mindez rengeteg id\u0151t takar\u00edt meg, r\u00e1ad\u00e1sul k\u00f6nnyebben k\u00f6vetheti azok val\u00f3s k\u00e9sz\u00fclts\u00e9g\u00e9t, r\u00e1ford\u00edt\u00e1s\u00e1t, mint azt tehetn\u00e9 a m\u00e1sik szoftver haszn\u00e1lat\u00e1val.<\/p>\n<\/p><\/div>[\/vc_column][vc_column width=&#8221;1\/3&#8243;]<div class=\"iconbox  wpb_content_element iconbox-style-3 icon-color-accent color-dark\"><i class=\"fa fa-clock-o boxicon\" style=\"\"><\/i><h3>L\u00e1thatja, mely feladatok vannak k\u00e9s\u00e9sben<\/h3><p>\n<p>K\u00f6nnyed\u00e9n \u00e1ttekintheti a feladatok \u00e9s a projektek aktu\u00e1lis k\u00e9sz\u00fclts\u00e9gi fok\u00e1t. Az ut\u00f3bbi \u00e9rt\u00e9keket a hozz\u00e1juk tartoz\u00f3 feladatok k\u00e9sz\u00fclts\u00e9g\u00e9b\u0151l sz\u00e1molja a rendszer,\u00edgy a projektmendzser mindig csak a legfontosabb sz\u00e1mokat fogja l\u00e1tni.<\/p>\n<\/p><\/div>[\/vc_column][\/vc_row][vc_row][vc_column width=&#8221;1\/1&#8243;]<div class=\"spacer\" style=\"height: 20px;\"><\/div><h2 class=\"headline font-inherit fontsize-xl fontweight-inherit lh-inherit align-center transform-inherit \" style=\"margin: 0 0 20px 0;\">\u00dcgyvezet\u0151k\u00e9nt<\/p>\n<\/h2>[\/vc_column][\/vc_row][vc_row top_padding=&#8221;80&#8243; bottom_padding=&#8221;80&#8243;][vc_column width=&#8221;1\/3&#8243;]<div class=\"iconbox  wpb_content_element iconbox-style-3 icon-color-accent color-dark\"><i class=\"fa fa-list-alt boxicon\" style=\"\"><\/i><h3>\u00c1tl\u00e1thatja a projektstrukt\u00far\u00e1t<\/h3><p>\n<p>V\u00e9gre egy rendszerben l\u00e1thatja a bels\u0151 c\u00e9g\u00fczemhez tartoz\u00f3 munk\u00e1kat \u00e9s az \u00fcgyf\u00e9lprojekteket. Mindez nagyban meg fogja k\u00f6nny\u00edteni dolg\u00e1t c\u00e9gvezet\u0151k\u00e9nt.<\/p>\n<\/p><\/div>[\/vc_column][vc_column width=&#8221;1\/3&#8243;]<div class=\"iconbox  wpb_content_element iconbox-style-3 icon-color-accent color-dark\"><i class=\"fa fa-eye boxicon\" style=\"\"><\/i><h3>L\u00e1thatja, hogyan haladnak a projektek<\/h3><p>\n<p>A rendszeren bel\u00fcl ak\u00e1r t\u00e1j\u00e9koztat\u00e1st is k\u00e9rhet az egyes feladatok halad\u00e1s\u00e1r\u00f3l, \u00e1llapot\u00e1r\u00f3l, illetve l\u00e1thatja a tervezett \u00e9s t\u00e9nyleges r\u00e1ford\u00edt\u00e1sok elt\u00e9r\u00e9s\u00e9t.<\/p>\n<\/p><\/div>[\/vc_column][vc_column width=&#8221;1\/3&#8243;]<div class=\"iconbox  wpb_content_element iconbox-style-3 icon-color-accent color-dark\"><i class=\"fa fa-file-text-o boxicon\" style=\"\"><\/i><h3>K\u00f6vetheti, milyen anyagok k\u00e9sz\u00fcltek el<\/h3><p>\n<p>A projekt eredm\u00e9nyek\u00e9nt elk\u00e9sz\u00fclt legfrissebb dokumentumokat, anyagokat b\u00e1rmikor el\u00e9rheti a c\u00e9gvezet\u00e9s is, \u00edgy els\u0151k\u00e9zb\u0151l \u00e9rtes\u00fclhet a konkr\u00e9t eredm\u00e9nyekr\u0151l.<\/p>\n<\/p><\/div>[\/vc_column][\/vc_row][vc_row][vc_column width=&#8221;1\/1&#8243;]<div class=\"spacer\" style=\"height: 40px;\"><\/div><h2 class=\"headline font-inherit fontsize-xl fontweight-inherit lh-inherit align-center transform-inherit \" style=\"margin: 0 0 20px 0;\">Projekttagk\u00e9nt<\/p>\n<\/h2>[\/vc_column][\/vc_row][vc_row top_padding=&#8221;80&#8243; bottom_padding=&#8221;80&#8243;][vc_column width=&#8221;1\/3&#8243;]<div class=\"iconbox  wpb_content_element iconbox-style-3 icon-color-accent color-dark\"><i class=\"fa fa-list boxicon\" style=\"\"><\/i><h3>List\u00e1zhatja aktu\u00e1lis feladatait<\/h3><p>\n<p>A feladatlist\u00e1b\u00f3l minden nap tudni fogja, hogy \u00e9ppen mivel kell foglalkoznia, mit kell hamarosan befejeznie, illetve hogy minderre mennyi id\u0151t sz\u00e1nhat. Ez az \u00e1tl\u00e1that\u00f3 fel\u00fclet seg\u00edt optim\u00e1lisan beosztani az idej\u00e9t, \u00edgy hamarabb v\u00e9gezhet.<\/p>\n<\/p><\/div>[\/vc_column][vc_column width=&#8221;1\/3&#8243;]<div class=\"iconbox  wpb_content_element iconbox-style-3 icon-color-accent color-dark\"><i class=\"fa fa-pencil-square boxicon\" style=\"\"><\/i><h3>Egyszer\u0171bben r\u00f6gz\u00edtheti napi tev\u00e9kenys\u00e9geit<\/h3><p>\n<p>Napi p\u00e1r perces munk\u00e1val feljegyezheti a munkav\u00e9gz\u00e9s\u00e9nek megnevez\u00e9s\u00e9t, feladatainak k\u00e9sz\u00fclts\u00e9gv\u00e1ltoz\u00e1sait. Mindehhez megjegyz\u00e9seket is f\u0171zhet, hogy a fontos r\u00e9szletek sose ker\u00fclhess\u00e9k el a figyelm\u00e9t!<\/p>\n<\/p><\/div>[\/vc_column][vc_column width=&#8221;1\/3&#8243;]<div class=\"iconbox  wpb_content_element iconbox-style-3 icon-color-accent color-dark\"><i class=\"fa fa-cloud boxicon\" style=\"\"><\/i><h3>Feladatait b\u00e1rhonnan el\u00e9rheti<\/h3><p>\n<p>Az online fel\u00fcletnek k\u00f6sz\u00f6nhet\u0151en ak\u00e1r otthonr\u00f3l is el\u00e9rheti, megtekintheti feladatait. A simpTASK \u00edgy t\u00e1mogatja a t\u00e1vmunk\u00e1t, amely manaps\u00e1g elengedhetetlen egy projektmenedzsment szoftvert\u0151l.<\/p>\n<\/p><\/div>[\/vc_column][\/vc_row][vc_row][vc_column width=&#8221;1\/1&#8243;]<div class=\"spacer\" style=\"height: 40px;\"><\/div><h2 class=\"headline font-inherit fontsize-xl fontweight-inherit lh-inherit align-center transform-inherit \" style=\"margin: 0 0 20px 0;\">Er\u0151forr\u00e1sgazdak\u00e9nt<\/p>\n<\/h2>[\/vc_column][\/vc_row][vc_row top_padding=&#8221;80&#8243; bottom_padding=&#8221;80&#8243;][vc_column width=&#8221;1\/3&#8243;]<div class=\"iconbox  wpb_content_element iconbox-style-3 icon-color-accent color-dark\"><i class=\"fa fa-long-arrow-right boxicon\" style=\"\"><\/i><h3>H\u00f3napokkal el\u0151re fogja l\u00e1tni az er\u0151forr\u00e1sig\u00e9nyeket<\/h3><p>\n<p>A projektek tervezett er\u0151forr\u00e1sig\u00e9nyei h\u00f3napokkal el\u0151re l\u00e1that\u00f3v\u00e1 v\u00e1lnak, \u00edgy id\u0151ben tudni fogja, mikor kell extra er\u0151forr\u00e1st ig\u00e9nyelnie. Ez a lehet\u0151s\u00e9g v\u00e9gre kisz\u00e1m\u00edthat\u00f3v\u00e1 teszi az er\u0151forr\u00e1s-tervez\u00e9st.<\/p>\n<\/p><\/div>[\/vc_column][vc_column width=&#8221;1\/3&#8243;]<div class=\"iconbox  wpb_content_element iconbox-style-3 icon-color-accent color-dark\"><i class=\"fa fa-arrows-v boxicon\" style=\"\"><\/i><h3>El\u0151re tudni fog az alul- vagy t\u00falterhelts\u00e9gr\u0151l<\/h3><p>\n<p>El\u0151re tudni fog er\u0151forr\u00e1sai lehets\u00e9ges alul- vagy t\u00falterhelts\u00e9g\u00e9r\u0151l, \u00edgy elker\u00fclheti az esetleges \u00fctk\u00f6z\u00e9seket \u00e9s biztos\u00edthatja, hogy a projekttagok a legt\u00f6bbet hozz\u00e1k ki magukb\u00f3l! Mindez hozz\u00e1j\u00e1rul az optim\u00e1lis er\u0151forr\u00e1s-eloszt\u00e1shoz.<\/p>\n<\/p><\/div>[\/vc_column][vc_column width=&#8221;1\/3&#8243;]<div class=\"iconbox  wpb_content_element iconbox-style-3 icon-color-accent color-dark\"><i class=\"fa fa-repeat boxicon\" style=\"\"><\/i><h3>Automatikus ellen\u0151rz\u00e9s seg\u00edti munk\u00e1ja k\u00f6zben<\/h3><p>\n<p>Egy \u00faj projekt megtervez\u00e9s\u00e9n\u00e9l a rendszer automatikusan jelzi az er\u0151forr\u00e1sok el\u00e9rhet\u0151s\u00e9g\u00e9t, \u00edgy egy gombnyom\u00e1sb\u00f3l kider\u00fclhet, mely er\u0151forr\u00e1sokb\u00f3l kell majd t\u00f6bbet ig\u00e9nyelni.<\/p>\n<\/p><\/div>[\/vc_column][\/vc_row][vc_row bottom_padding=&#8221;50&#8243;][vc_column text_align=&#8221;center&#8221; width=&#8221;1\/1&#8243;]<a href=\"https:\/\/simptask.com\/hu\/kapcsolat\/\" target=\"_self\" class=\"button color-3 large \" style=\"border-radius: 2px;\">KAPCSOLAT<\/a>[\/vc_column][\/vc_row]<\/p>\n","protected":false},"excerpt":{"rendered":"<p>[vc_row bg_image=&#8221;1960&#8243; parallax_bg=&#8221;true&#8221; bg_color=&#8221;#aebf4f&#8221; top_padding=&#8221;149&#8243; bottom_padding=&#8221;149&#8243; bg_position=&#8221;center center&#8221;][vc_column width=&#8221;1\/1&#8243;][\/vc_column][\/vc_row][vc_row][vc_column width=&#8221;1\/1&#8243;][\/vc_column][\/vc_row][vc_row top_padding=&#8221;80&#8243; bottom_padding=&#8221;40&#8243;][vc_column width=&#8221;1\/3&#8243;][\/vc_column][vc_column width=&#8221;1\/3&#8243;][\/vc_column][vc_column width=&#8221;1\/3&#8243;][\/vc_column][\/vc_row][vc_row][vc_column width=&#8221;1\/1&#8243;][\/vc_column][\/vc_row][vc_row top_padding=&#8221;80&#8243; bottom_padding=&#8221;80&#8243;][vc_column width=&#8221;1\/3&#8243;][\/vc_column][vc_column width=&#8221;1\/3&#8243;][\/vc_column][vc_column width=&#8221;1\/3&#8243;][\/vc_column][\/vc_row][vc_row][vc_column width=&#8221;1\/1&#8243;][\/vc_column][\/vc_row][vc_row top_padding=&#8221;80&#8243; bottom_padding=&#8221;80&#8243;][vc_column width=&#8221;1\/3&#8243;][\/vc_column][vc_column width=&#8221;1\/3&#8243;][\/vc_column][vc_column width=&#8221;1\/3&#8243;][\/vc_column][\/vc_row][vc_row][vc_column width=&#8221;1\/1&#8243;][\/vc_column][\/vc_row][vc_row top_padding=&#8221;80&#8243; bottom_padding=&#8221;80&#8243;][vc_column width=&#8221;1\/3&#8243;][\/vc_column][vc_column width=&#8221;1\/3&#8243;][\/vc_column][vc_column width=&#8221;1\/3&#8243;][\/vc_column][\/vc_row][vc_row bottom_padding=&#8221;50&#8243;][vc_column text_align=&#8221;center&#8221; width=&#8221;1\/1&#8243;][\/vc_column][\/vc_row]<\/p>\n","protected":false},"author":1,"featured_media":0,"parent":0,"menu_order":0,"comment_status":"closed","ping_status":"closed","template":"","meta":[],"_links":{"self":[{"href":"https:\/\/simptask.com\/hu\/wp-json\/wp\/v2\/pages\/185"}],"collection":[{"href":"https:\/\/simptask.com\/hu\/wp-json\/wp\/v2\/pages"}],"about":[{"href":"https:\/\/simptask.com\/hu\/wp-json\/wp\/v2\/types\/page"}],"author":[{"embeddable":true,"href":"https:\/\/simptask.com\/hu\/wp-json\/wp\/v2\/users\/1"}],"replies":[{"embeddable":true,"href":"https:\/\/simptask.com\/hu\/wp-json\/wp\/v2\/comments?post=185"}],"version-history":[{"count":136,"href":"https:\/\/simptask.com\/hu\/wp-json\/wp\/v2\/pages\/185\/revisions"}],"predecessor-version":[{"id":3031,"href":"https:\/\/simptask.com\/hu\/wp-json\/wp\/v2\/pages\/185\/revisions\/3031"}],"wp:attachment":[{"href":"https:\/\/simptask.com\/hu\/wp-json\/wp\/v2\/media?parent=185"}],"curies":[{"name":"wp","href":"https:\/\/api.w.org\/{rel}","templated":true}]}}