{"id":2204,"date":"2016-01-05T13:30:59","date_gmt":"2016-01-05T13:30:59","guid":{"rendered":"https:\/\/simptask.com\/hu\/?page_id=2204"},"modified":"2016-06-01T07:46:41","modified_gmt":"2016-06-01T07:46:41","slug":"videok","status":"publish","type":"page","link":"https:\/\/simptask.com\/hu\/videok\/","title":{"rendered":"Vide\u00f3k"},"content":{"rendered":"<p>[vc_row type=&#8221;standard_section&#8221; bg_image=&#8221;&#8221; bg_repeat=&#8221;stretch&#8221; parallax_bg=&#8221;&#8221; stellar_class=&#8221;default&#8221; bg_color=&#8221;&#8221; section_arrow=&#8221;&#8221; video_bg=&#8221;&#8221; enable_video_color_overlay=&#8221;&#8221; video_overlay_color=&#8221;&#8221; video_webm=&#8221;&#8221; video_mp4=&#8221;&#8221; video_ogv=&#8221;&#8221; video_image=&#8221;&#8221; text_color=&#8221;dark&#8221; custom_text_color=&#8221;&#8221; text_align=&#8221;left&#8221; top_padding=&#8221;&#8221; bottom_padding=&#8221;&#8221; class=&#8221;&#8221; row_id=&#8221;&#8221;][vc_column animation=&#8221;none&#8221; bg_color=&#8221;&#8221; bg_image=&#8221;&#8221; column_padding=&#8221;no-padding&#8221; column_custompadding=&#8221;0px 0px 0px 0px&#8221; column_center=&#8221;&#8221; text_color=&#8221;dark&#8221; custom_text_color=&#8221;&#8221; text_align=&#8221;left&#8221; width=&#8221;1\/1&#8243;]<h1 class=\"headline font-inherit fontsize-xl fontweight-700 lh-20 align-center transform-inherit \" style=\"margin: 0 0 20px 0;\">\u00datmutat\u00f3 &#8211; Felhaszn\u00e1l\u00f3<\/p>\n<\/h1>[\/vc_column][\/vc_row][vc_row type=&#8221;standard_section&#8221; bg_image=&#8221;&#8221; bg_repeat=&#8221;stretch&#8221; parallax_bg=&#8221;&#8221; stellar_class=&#8221;default&#8221; bg_color=&#8221;&#8221; section_arrow=&#8221;&#8221; video_bg=&#8221;&#8221; enable_video_color_overlay=&#8221;&#8221; video_overlay_color=&#8221;&#8221; video_webm=&#8221;&#8221; video_mp4=&#8221;&#8221; video_ogv=&#8221;&#8221; video_image=&#8221;&#8221; text_color=&#8221;dark&#8221; custom_text_color=&#8221;&#8221; text_align=&#8221;left&#8221; top_padding=&#8221;&#8221; bottom_padding=&#8221;&#8221; class=&#8221;&#8221; row_id=&#8221;&#8221;][vc_column animation=&#8221;none&#8221; bg_color=&#8221;&#8221; bg_image=&#8221;&#8221; column_padding=&#8221;no-padding&#8221; column_custompadding=&#8221;0px 0px 0px 0px&#8221; column_center=&#8221;&#8221; text_color=&#8221;dark&#8221; custom_text_color=&#8221;&#8221; text_align=&#8221;left&#8221; width=&#8221;1\/2&#8243;][vc_raw_html]<\/p>\n<p>JTNDaWZyYW1lJTIwd2lkdGglM0QlMjI1NjAlMjIlMjBoZWlnaHQlM0QlMjIzMTUlMjIlMjBzcmMlM0QlMjJodHRwcyUzQSUyRiUyRnd3dy55b3V0dWJlLmNvbSUyRmVtYmVkJTJGVWV4ZGxUbkhZWnMlMjIlMjBmcmFtZWJvcmRlciUzRCUyMjAlMjIlMjBhbGxvd2Z1bGxzY3JlZW4lM0UlM0MlMkZpZnJhbWUlM0U=<\/p>\n<p>[\/vc_raw_html][vc_raw_html]<\/p>\n<p>JTNDaWZyYW1lJTIwd2lkdGglM0QlMjI1NjAlMjIlMjBoZWlnaHQlM0QlMjIzMTUlMjIlMjBzcmMlM0QlMjJodHRwcyUzQSUyRiUyRnd3dy55b3V0dWJlLmNvbSUyRmVtYmVkJTJGNDJSdV9JYTMwb00lMjIlMjBmcmFtZWJvcmRlciUzRCUyMjAlMjIlMjBhbGxvd2Z1bGxzY3JlZW4lM0UlM0MlMkZpZnJhbWUlM0U=<\/p>\n<p>[\/vc_raw_html][\/vc_column][vc_column animation=&#8221;none&#8221; bg_color=&#8221;&#8221; bg_image=&#8221;&#8221; column_padding=&#8221;no-padding&#8221; column_custompadding=&#8221;0px 0px 0px 0px&#8221; column_center=&#8221;&#8221; text_color=&#8221;dark&#8221; custom_text_color=&#8221;&#8221; text_align=&#8221;left&#8221; width=&#8221;1\/2&#8243;][vc_raw_html]<\/p>\n<p>JTNDaWZyYW1lJTIwd2lkdGglM0QlMjI1NjAlMjIlMjBoZWlnaHQlM0QlMjIzMTUlMjIlMjBzcmMlM0QlMjJodHRwcyUzQSUyRiUyRnd3dy55b3V0dWJlLmNvbSUyRmVtYmVkJTJGTEp5V3NXZVhQT00lMjIlMjBmcmFtZWJvcmRlciUzRCUyMjAlMjIlMjBhbGxvd2Z1bGxzY3JlZW4lM0UlM0MlMkZpZnJhbWUlM0U=<\/p>\n<p>[\/vc_raw_html][vc_raw_html]<\/p>\n<p>JTNDaWZyYW1lJTIwd2lkdGglM0QlMjI1NjAlMjIlMjBoZWlnaHQlM0QlMjIzMTUlMjIlMjBzcmMlM0QlMjJodHRwcyUzQSUyRiUyRnd3dy55b3V0dWJlLmNvbSUyRmVtYmVkJTJGdDVOQ2M2MFZmX28lMjIlMjBmcmFtZWJvcmRlciUzRCUyMjAlMjIlMjBhbGxvd2Z1bGxzY3JlZW4lM0UlM0MlMkZpZnJhbWUlM0U=<\/p>\n<p>[\/vc_raw_html][\/vc_column][\/vc_row][vc_row type=&#8221;standard_section&#8221; bg_image=&#8221;&#8221; bg_repeat=&#8221;stretch&#8221; parallax_bg=&#8221;&#8221; stellar_class=&#8221;default&#8221; bg_color=&#8221;&#8221; section_arrow=&#8221;&#8221; video_bg=&#8221;&#8221; enable_video_color_overlay=&#8221;&#8221; video_overlay_color=&#8221;&#8221; video_webm=&#8221;&#8221; video_mp4=&#8221;&#8221; video_ogv=&#8221;&#8221; video_image=&#8221;&#8221; text_color=&#8221;dark&#8221; custom_text_color=&#8221;&#8221; text_align=&#8221;left&#8221; top_padding=&#8221;&#8221; bottom_padding=&#8221;&#8221; class=&#8221;&#8221; row_id=&#8221;&#8221;][vc_column animation=&#8221;none&#8221; bg_color=&#8221;&#8221; bg_image=&#8221;&#8221; column_padding=&#8221;no-padding&#8221; column_custompadding=&#8221;0px 0px 0px 0px&#8221; column_center=&#8221;&#8221; text_color=&#8221;dark&#8221; custom_text_color=&#8221;&#8221; text_align=&#8221;left&#8221; width=&#8221;1\/1&#8243;]<h1 class=\"headline font-inherit fontsize-xl fontweight-700 lh-20 align-center transform-inherit \" style=\"margin: 0 0 20px 0;\">\n\u00datmutat\u00f3 &#8211; Projektvezet\u0151<\/p>\n<\/h1>[\/vc_column][\/vc_row][vc_row type=&#8221;standard_section&#8221; bg_image=&#8221;&#8221; bg_repeat=&#8221;stretch&#8221; parallax_bg=&#8221;&#8221; stellar_class=&#8221;default&#8221; bg_color=&#8221;&#8221; section_arrow=&#8221;&#8221; video_bg=&#8221;&#8221; enable_video_color_overlay=&#8221;&#8221; video_overlay_color=&#8221;&#8221; video_webm=&#8221;&#8221; video_mp4=&#8221;&#8221; video_ogv=&#8221;&#8221; video_image=&#8221;&#8221; text_color=&#8221;dark&#8221; custom_text_color=&#8221;&#8221; text_align=&#8221;left&#8221; top_padding=&#8221;&#8221; bottom_padding=&#8221;&#8221; class=&#8221;&#8221; row_id=&#8221;&#8221;][vc_column animation=&#8221;none&#8221; bg_color=&#8221;&#8221; bg_image=&#8221;&#8221; column_padding=&#8221;no-padding&#8221; column_custompadding=&#8221;0px 0px 0px 0px&#8221; column_center=&#8221;&#8221; text_color=&#8221;dark&#8221; custom_text_color=&#8221;&#8221; text_align=&#8221;left&#8221; width=&#8221;1\/2&#8243;][vc_raw_html]<\/p>\n<p>JTNDaWZyYW1lJTIwd2lkdGglM0QlMjI1NjAlMjIlMjBoZWlnaHQlM0QlMjIzMTUlMjIlMjBzcmMlM0QlMjJodHRwcyUzQSUyRiUyRnd3dy55b3V0dWJlLmNvbSUyRmVtYmVkJTJGUUhXU0lvX1d2em8lMjIlMjBmcmFtZWJvcmRlciUzRCUyMjAlMjIlMjBhbGxvd2Z1bGxzY3JlZW4lM0UlM0MlMkZpZnJhbWUlM0U=<\/p>\n<p>[\/vc_raw_html][vc_raw_html]<\/p>\n<p>JTNDaWZyYW1lJTIwd2lkdGglM0QlMjI1NjAlMjIlMjBoZWlnaHQlM0QlMjIzMTUlMjIlMjBzcmMlM0QlMjJodHRwcyUzQSUyRiUyRnd3dy55b3V0dWJlLmNvbSUyRmVtYmVkJTJGYkdQTTBsQ21DQTglMjIlMjBmcmFtZWJvcmRlciUzRCUyMjAlMjIlMjBhbGxvd2Z1bGxzY3JlZW4lM0UlM0MlMkZpZnJhbWUlM0U=<\/p>\n<p>[\/vc_raw_html][vc_raw_html]<\/p>\n<p>JTNDaWZyYW1lJTIwd2lkdGglM0QlMjI1NjAlMjIlMjBoZWlnaHQlM0QlMjIzMTUlMjIlMjBzcmMlM0QlMjJodHRwcyUzQSUyRiUyRnd3dy55b3V0dWJlLmNvbSUyRmVtYmVkJTJGeXlDVF90R2R3dEUlMjIlMjBmcmFtZWJvcmRlciUzRCUyMjAlMjIlMjBhbGxvd2Z1bGxzY3JlZW4lM0UlM0MlMkZpZnJhbWUlM0U=<\/p>\n<p>[\/vc_raw_html][\/vc_column][vc_column animation=&#8221;none&#8221; bg_color=&#8221;&#8221; bg_image=&#8221;&#8221; column_padding=&#8221;no-padding&#8221; column_custompadding=&#8221;0px 0px 0px 0px&#8221; column_center=&#8221;&#8221; text_color=&#8221;dark&#8221; custom_text_color=&#8221;&#8221; text_align=&#8221;left&#8221; width=&#8221;1\/2&#8243;][vc_raw_html]<\/p>\n<p>JTNDaWZyYW1lJTIwd2lkdGglM0QlMjI1NjAlMjIlMjBoZWlnaHQlM0QlMjIzMTUlMjIlMjBzcmMlM0QlMjJodHRwcyUzQSUyRiUyRnd3dy55b3V0dWJlLmNvbSUyRmVtYmVkJTJGX0xYSG5CTzdrRFklMjIlMjBmcmFtZWJvcmRlciUzRCUyMjAlMjIlMjBhbGxvd2Z1bGxzY3JlZW4lM0UlM0MlMkZpZnJhbWUlM0U=<\/p>\n<p>[\/vc_raw_html][vc_raw_html]<\/p>\n<p>JTNDaWZyYW1lJTIwd2lkdGglM0QlMjI1NjAlMjIlMjBoZWlnaHQlM0QlMjIzMTUlMjIlMjBzcmMlM0QlMjJodHRwcyUzQSUyRiUyRnd3dy55b3V0dWJlLmNvbSUyRmVtYmVkJTJGMlB1UkVpRl9YOGMlMjIlMjBmcmFtZWJvcmRlciUzRCUyMjAlMjIlMjBhbGxvd2Z1bGxzY3JlZW4lM0UlM0MlMkZpZnJhbWUlM0U=<\/p>\n<p>[\/vc_raw_html][\/vc_column][\/vc_row][vc_row type=&#8221;standard_section&#8221; bg_image=&#8221;&#8221; bg_repeat=&#8221;stretch&#8221; parallax_bg=&#8221;&#8221; stellar_class=&#8221;default&#8221; bg_color=&#8221;&#8221; section_arrow=&#8221;&#8221; video_bg=&#8221;&#8221; enable_video_color_overlay=&#8221;&#8221; video_overlay_color=&#8221;&#8221; video_webm=&#8221;&#8221; video_mp4=&#8221;&#8221; video_ogv=&#8221;&#8221; video_image=&#8221;&#8221; text_color=&#8221;dark&#8221; custom_text_color=&#8221;&#8221; text_align=&#8221;left&#8221; top_padding=&#8221;&#8221; bottom_padding=&#8221;&#8221; class=&#8221;&#8221; row_id=&#8221;&#8221;][vc_column animation=&#8221;none&#8221; bg_color=&#8221;&#8221; bg_image=&#8221;&#8221; column_padding=&#8221;no-padding&#8221; column_custompadding=&#8221;0px 0px 0px 0px&#8221; column_center=&#8221;&#8221; text_color=&#8221;dark&#8221; custom_text_color=&#8221;&#8221; text_align=&#8221;left&#8221; width=&#8221;1\/1&#8243;]<h1 class=\"headline font-inherit fontsize-xl fontweight-700 lh-20 align-center transform-inherit \" style=\"margin: 0 0 20px 0;\">\n<p>\u00daj&#8230;<\/p>\n<\/h1>[\/vc_column][\/vc_row][vc_row type=&#8221;standard_section&#8221; bg_image=&#8221;&#8221; bg_repeat=&#8221;stretch&#8221; parallax_bg=&#8221;&#8221; stellar_class=&#8221;default&#8221; bg_color=&#8221;&#8221; section_arrow=&#8221;&#8221; video_bg=&#8221;&#8221; enable_video_color_overlay=&#8221;&#8221; video_overlay_color=&#8221;&#8221; video_webm=&#8221;&#8221; video_mp4=&#8221;&#8221; video_ogv=&#8221;&#8221; video_image=&#8221;&#8221; text_color=&#8221;dark&#8221; custom_text_color=&#8221;&#8221; text_align=&#8221;left&#8221; top_padding=&#8221;&#8221; bottom_padding=&#8221;&#8221; class=&#8221;&#8221; row_id=&#8221;&#8221;][vc_column animation=&#8221;none&#8221; bg_color=&#8221;&#8221; bg_image=&#8221;&#8221; column_padding=&#8221;no-padding&#8221; column_custompadding=&#8221;0px 0px 0px 0px&#8221; column_center=&#8221;&#8221; text_color=&#8221;dark&#8221; custom_text_color=&#8221;&#8221; text_align=&#8221;left&#8221; width=&#8221;1\/2&#8243;][vc_raw_html]<\/p>\n<p>JTNDaWZyYW1lJTIwd2lkdGglM0QlMjI1NjAlMjIlMjBoZWlnaHQlM0QlMjIzMTUlMjIlMjBzcmMlM0QlMjJodHRwcyUzQSUyRiUyRnd3dy55b3V0dWJlLmNvbSUyRmVtYmVkJTJGUElsUTRPT09uTk0lMjIlMjBmcmFtZWJvcmRlciUzRCUyMjAlMjIlMjBhbGxvd2Z1bGxzY3JlZW4lM0UlM0MlMkZpZnJhbWUlM0U=<\/p>\n<p>[\/vc_raw_html][\/vc_column][vc_column animation=&#8221;none&#8221; bg_color=&#8221;&#8221; bg_image=&#8221;&#8221; column_padding=&#8221;no-padding&#8221; column_custompadding=&#8221;0px 0px 0px 0px&#8221; column_center=&#8221;&#8221; text_color=&#8221;dark&#8221; custom_text_color=&#8221;&#8221; text_align=&#8221;left&#8221; width=&#8221;1\/2&#8243;][vc_raw_html]<\/p>\n<p>JTNDaWZyYW1lJTIwd2lkdGglM0QlMjI1NjAlMjIlMjBoZWlnaHQlM0QlMjIzMTUlMjIlMjBzcmMlM0QlMjJodHRwcyUzQSUyRiUyRnd3dy55b3V0dWJlLmNvbSUyRmVtYmVkJTJGeGY1UUJIXzJpbEElMjIlMjBmcmFtZWJvcmRlciUzRCUyMjAlMjIlMjBhbGxvd2Z1bGxzY3JlZW4lM0UlM0MlMkZpZnJhbWUlM0U=<\/p>\n<p>[\/vc_raw_html][\/vc_column][\/vc_row][vc_row type=&#8221;standard_section&#8221; bg_image=&#8221;&#8221; bg_repeat=&#8221;stretch&#8221; parallax_bg=&#8221;&#8221; stellar_class=&#8221;default&#8221; bg_color=&#8221;&#8221; section_arrow=&#8221;&#8221; video_bg=&#8221;&#8221; enable_video_color_overlay=&#8221;&#8221; video_overlay_color=&#8221;&#8221; video_webm=&#8221;&#8221; video_mp4=&#8221;&#8221; video_ogv=&#8221;&#8221; video_image=&#8221;&#8221; text_color=&#8221;dark&#8221; custom_text_color=&#8221;&#8221; text_align=&#8221;left&#8221; top_padding=&#8221;&#8221; bottom_padding=&#8221;&#8221; class=&#8221;&#8221; row_id=&#8221;&#8221;][vc_column animation=&#8221;none&#8221; bg_color=&#8221;&#8221; bg_image=&#8221;&#8221; column_padding=&#8221;no-padding&#8221; column_custompadding=&#8221;0px 0px 0px 0px&#8221; column_center=&#8221;&#8221; text_color=&#8221;dark&#8221; custom_text_color=&#8221;&#8221; text_align=&#8221;left&#8221; width=&#8221;1\/2&#8243;]<h1 class=\"headline font-inherit fontsize-xl fontweight-700 lh-20 align-center transform-inherit \" style=\"margin: 0 0 20px 0;\">Feladataim &#8211; Felhaszn\u00e1l\u00f3<br \/>\n<\/h1>[vc_raw_html]<\/p>\n<p>JTNDaWZyYW1lJTIwd2lkdGglM0QlMjI1NjAlMjIlMjBoZWlnaHQlM0QlMjIzMTUlMjIlMjBzcmMlM0QlMjJodHRwcyUzQSUyRiUyRnd3dy55b3V0dWJlLmNvbSUyRmVtYmVkJTJGRHp1SUxjcjBUVTglMjIlMjBmcmFtZWJvcmRlciUzRCUyMjAlMjIlMjBhbGxvd2Z1bGxzY3JlZW4lM0UlM0MlMkZpZnJhbWUlM0U=<\/p>\n<p>[\/vc_raw_html][\/vc_column][vc_column animation=&#8221;none&#8221; bg_color=&#8221;&#8221; bg_image=&#8221;&#8221; column_padding=&#8221;no-padding&#8221; column_custompadding=&#8221;0px 0px 0px 0px&#8221; column_center=&#8221;&#8221; text_color=&#8221;dark&#8221; custom_text_color=&#8221;&#8221; text_align=&#8221;left&#8221; width=&#8221;1\/2&#8243;]<h1 class=\"headline font-inherit fontsize-xl fontweight-700 lh-20 align-center transform-inherit \" style=\"margin: 0 0 20px 0;\">Feladataim &#8211; Projektvezet\u0151<br \/>\n<\/h1>[vc_raw_html]<\/p>\n<p>JTNDaWZyYW1lJTIwd2lkdGglM0QlMjI1NjAlMjIlMjBoZWlnaHQlM0QlMjIzMTUlMjIlMjBzcmMlM0QlMjJodHRwcyUzQSUyRiUyRnd3dy55b3V0dWJlLmNvbSUyRmVtYmVkJTJGSXdGdFJmZlY3Ym8lMjIlMjBmcmFtZWJvcmRlciUzRCUyMjAlMjIlMjBhbGxvd2Z1bGxzY3JlZW4lM0UlM0MlMkZpZnJhbWUlM0U=<\/p>\n<p>[\/vc_raw_html][\/vc_column][\/vc_row]<\/p>\n","protected":false},"excerpt":{"rendered":"<p>[vc_row type=&#8221;standard_section&#8221; bg_image=&#8221;&#8221; bg_repeat=&#8221;stretch&#8221; parallax_bg=&#8221;&#8221; stellar_class=&#8221;default&#8221; bg_color=&#8221;&#8221; section_arrow=&#8221;&#8221; video_bg=&#8221;&#8221; enable_video_color_overlay=&#8221;&#8221; video_overlay_color=&#8221;&#8221; video_webm=&#8221;&#8221; video_mp4=&#8221;&#8221; video_ogv=&#8221;&#8221; video_image=&#8221;&#8221; text_color=&#8221;dark&#8221; custom_text_color=&#8221;&#8221; text_align=&#8221;left&#8221; top_padding=&#8221;&#8221; bottom_padding=&#8221;&#8221; class=&#8221;&#8221; row_id=&#8221;&#8221;][vc_column animation=&#8221;none&#8221; bg_color=&#8221;&#8221; bg_image=&#8221;&#8221; column_padding=&#8221;no-padding&#8221; column_custompadding=&#8221;0px 0px 0px 0px&#8221; column_center=&#8221;&#8221; text_color=&#8221;dark&#8221; custom_text_color=&#8221;&#8221; text_align=&#8221;left&#8221; width=&#8221;1\/1&#8243;][\/vc_column][\/vc_row][vc_row type=&#8221;standard_section&#8221; bg_image=&#8221;&#8221; bg_repeat=&#8221;stretch&#8221; parallax_bg=&#8221;&#8221; stellar_class=&#8221;default&#8221; bg_color=&#8221;&#8221; section_arrow=&#8221;&#8221; video_bg=&#8221;&#8221; enable_video_color_overlay=&#8221;&#8221; video_overlay_color=&#8221;&#8221; video_webm=&#8221;&#8221; video_mp4=&#8221;&#8221; video_ogv=&#8221;&#8221; video_image=&#8221;&#8221; text_color=&#8221;dark&#8221; custom_text_color=&#8221;&#8221; text_align=&#8221;left&#8221; top_padding=&#8221;&#8221; bottom_padding=&#8221;&#8221; class=&#8221;&#8221; row_id=&#8221;&#8221;][vc_column animation=&#8221;none&#8221; bg_color=&#8221;&#8221; bg_image=&#8221;&#8221; column_padding=&#8221;no-padding&#8221; column_custompadding=&#8221;0px 0px 0px 0px&#8221; column_center=&#8221;&#8221; text_color=&#8221;dark&#8221; custom_text_color=&#8221;&#8221; text_align=&#8221;left&#8221; width=&#8221;1\/2&#8243;][vc_raw_html] JTNDaWZyYW1lJTIwd2lkdGglM0QlMjI1NjAlMjIlMjBoZWlnaHQlM0QlMjIzMTUlMjIlMjBzcmMlM0QlMjJodHRwcyUzQSUyRiUyRnd3dy55b3V0dWJlLmNvbSUyRmVtYmVkJTJGVWV4ZGxUbkhZWnMlMjIlMjBmcmFtZWJvcmRlciUzRCUyMjAlMjIlMjBhbGxvd2Z1bGxzY3JlZW4lM0UlM0MlMkZpZnJhbWUlM0U= [\/vc_raw_html][vc_raw_html] JTNDaWZyYW1lJTIwd2lkdGglM0QlMjI1NjAlMjIlMjBoZWlnaHQlM0QlMjIzMTUlMjIlMjBzcmMlM0QlMjJodHRwcyUzQSUyRiUyRnd3dy55b3V0dWJlLmNvbSUyRmVtYmVkJTJGNDJSdV9JYTMwb00lMjIlMjBmcmFtZWJvcmRlciUzRCUyMjAlMjIlMjBhbGxvd2Z1bGxzY3JlZW4lM0UlM0MlMkZpZnJhbWUlM0U= [\/vc_raw_html][\/vc_column][vc_column animation=&#8221;none&#8221; bg_color=&#8221;&#8221; bg_image=&#8221;&#8221; column_padding=&#8221;no-padding&#8221; column_custompadding=&#8221;0px 0px 0px 0px&#8221; column_center=&#8221;&#8221; text_color=&#8221;dark&#8221; custom_text_color=&#8221;&#8221; text_align=&#8221;left&#8221; width=&#8221;1\/2&#8243;][vc_raw_html] JTNDaWZyYW1lJTIwd2lkdGglM0QlMjI1NjAlMjIlMjBoZWlnaHQlM0QlMjIzMTUlMjIlMjBzcmMlM0QlMjJodHRwcyUzQSUyRiUyRnd3dy55b3V0dWJlLmNvbSUyRmVtYmVkJTJGTEp5V3NXZVhQT00lMjIlMjBmcmFtZWJvcmRlciUzRCUyMjAlMjIlMjBhbGxvd2Z1bGxzY3JlZW4lM0UlM0MlMkZpZnJhbWUlM0U= [\/vc_raw_html][vc_raw_html] JTNDaWZyYW1lJTIwd2lkdGglM0QlMjI1NjAlMjIlMjBoZWlnaHQlM0QlMjIzMTUlMjIlMjBzcmMlM0QlMjJodHRwcyUzQSUyRiUyRnd3dy55b3V0dWJlLmNvbSUyRmVtYmVkJTJGdDVOQ2M2MFZmX28lMjIlMjBmcmFtZWJvcmRlciUzRCUyMjAlMjIlMjBhbGxvd2Z1bGxzY3JlZW4lM0UlM0MlMkZpZnJhbWUlM0U= [\/vc_raw_html][\/vc_column][\/vc_row][vc_row type=&#8221;standard_section&#8221; bg_image=&#8221;&#8221; bg_repeat=&#8221;stretch&#8221; parallax_bg=&#8221;&#8221; stellar_class=&#8221;default&#8221; bg_color=&#8221;&#8221; section_arrow=&#8221;&#8221; video_bg=&#8221;&#8221; enable_video_color_overlay=&#8221;&#8221; video_overlay_color=&#8221;&#8221; video_webm=&#8221;&#8221; video_mp4=&#8221;&#8221; video_ogv=&#8221;&#8221; video_image=&#8221;&#8221; text_color=&#8221;dark&#8221; custom_text_color=&#8221;&#8221; text_align=&#8221;left&#8221; top_padding=&#8221;&#8221; bottom_padding=&#8221;&#8221; class=&#8221;&#8221; row_id=&#8221;&#8221;][vc_column animation=&#8221;none&#8221; bg_color=&#8221;&#8221; bg_image=&#8221;&#8221; column_padding=&#8221;no-padding&#8221; column_custompadding=&#8221;0px 0px 0px 0px&#8221; column_center=&#8221;&#8221; text_color=&#8221;dark&#8221; custom_text_color=&#8221;&#8221; text_align=&#8221;left&#8221; width=&#8221;1\/1&#8243;][\/vc_column][\/vc_row][vc_row type=&#8221;standard_section&#8221; bg_image=&#8221;&#8221; bg_repeat=&#8221;stretch&#8221; parallax_bg=&#8221;&#8221; stellar_class=&#8221;default&#8221; bg_color=&#8221;&#8221; section_arrow=&#8221;&#8221; video_bg=&#8221;&#8221; enable_video_color_overlay=&#8221;&#8221; video_overlay_color=&#8221;&#8221; video_webm=&#8221;&#8221; video_mp4=&#8221;&#8221; video_ogv=&#8221;&#8221; video_image=&#8221;&#8221; text_color=&#8221;dark&#8221; custom_text_color=&#8221;&#8221; text_align=&#8221;left&#8221; top_padding=&#8221;&#8221; bottom_padding=&#8221;&#8221; class=&#8221;&#8221; row_id=&#8221;&#8221;][vc_column animation=&#8221;none&#8221; bg_color=&#8221;&#8221; bg_image=&#8221;&#8221; column_padding=&#8221;no-padding&#8221; column_custompadding=&#8221;0px 0px 0px 0px&#8221; column_center=&#8221;&#8221; text_color=&#8221;dark&#8221; custom_text_color=&#8221;&#8221; text_align=&#8221;left&#8221; width=&#8221;1\/2&#8243;][vc_raw_html] JTNDaWZyYW1lJTIwd2lkdGglM0QlMjI1NjAlMjIlMjBoZWlnaHQlM0QlMjIzMTUlMjIlMjBzcmMlM0QlMjJodHRwcyUzQSUyRiUyRnd3dy55b3V0dWJlLmNvbSUyRmVtYmVkJTJGUUhXU0lvX1d2em8lMjIlMjBmcmFtZWJvcmRlciUzRCUyMjAlMjIlMjBhbGxvd2Z1bGxzY3JlZW4lM0UlM0MlMkZpZnJhbWUlM0U= [\/vc_raw_html][vc_raw_html] JTNDaWZyYW1lJTIwd2lkdGglM0QlMjI1NjAlMjIlMjBoZWlnaHQlM0QlMjIzMTUlMjIlMjBzcmMlM0QlMjJodHRwcyUzQSUyRiUyRnd3dy55b3V0dWJlLmNvbSUyRmVtYmVkJTJGYkdQTTBsQ21DQTglMjIlMjBmcmFtZWJvcmRlciUzRCUyMjAlMjIlMjBhbGxvd2Z1bGxzY3JlZW4lM0UlM0MlMkZpZnJhbWUlM0U= [\/vc_raw_html][vc_raw_html] JTNDaWZyYW1lJTIwd2lkdGglM0QlMjI1NjAlMjIlMjBoZWlnaHQlM0QlMjIzMTUlMjIlMjBzcmMlM0QlMjJodHRwcyUzQSUyRiUyRnd3dy55b3V0dWJlLmNvbSUyRmVtYmVkJTJGeXlDVF90R2R3dEUlMjIlMjBmcmFtZWJvcmRlciUzRCUyMjAlMjIlMjBhbGxvd2Z1bGxzY3JlZW4lM0UlM0MlMkZpZnJhbWUlM0U= [\/vc_raw_html][\/vc_column][vc_column animation=&#8221;none&#8221; bg_color=&#8221;&#8221; bg_image=&#8221;&#8221; column_padding=&#8221;no-padding&#8221; column_custompadding=&#8221;0px 0px 0px 0px&#8221; column_center=&#8221;&#8221; text_color=&#8221;dark&#8221; custom_text_color=&#8221;&#8221; text_align=&#8221;left&#8221; width=&#8221;1\/2&#8243;][vc_raw_html] JTNDaWZyYW1lJTIwd2lkdGglM0QlMjI1NjAlMjIlMjBoZWlnaHQlM0QlMjIzMTUlMjIlMjBzcmMlM0QlMjJodHRwcyUzQSUyRiUyRnd3dy55b3V0dWJlLmNvbSUyRmVtYmVkJTJGX0xYSG5CTzdrRFklMjIlMjBmcmFtZWJvcmRlciUzRCUyMjAlMjIlMjBhbGxvd2Z1bGxzY3JlZW4lM0UlM0MlMkZpZnJhbWUlM0U= [\/vc_raw_html][vc_raw_html] JTNDaWZyYW1lJTIwd2lkdGglM0QlMjI1NjAlMjIlMjBoZWlnaHQlM0QlMjIzMTUlMjIlMjBzcmMlM0QlMjJodHRwcyUzQSUyRiUyRnd3dy55b3V0dWJlLmNvbSUyRmVtYmVkJTJGMlB1UkVpRl9YOGMlMjIlMjBmcmFtZWJvcmRlciUzRCUyMjAlMjIlMjBhbGxvd2Z1bGxzY3JlZW4lM0UlM0MlMkZpZnJhbWUlM0U= [\/vc_raw_html][\/vc_column][\/vc_row][vc_row type=&#8221;standard_section&#8221; bg_image=&#8221;&#8221; bg_repeat=&#8221;stretch&#8221; parallax_bg=&#8221;&#8221; stellar_class=&#8221;default&#8221; bg_color=&#8221;&#8221; section_arrow=&#8221;&#8221; video_bg=&#8221;&#8221; enable_video_color_overlay=&#8221;&#8221; video_overlay_color=&#8221;&#8221; video_webm=&#8221;&#8221; video_mp4=&#8221;&#8221; video_ogv=&#8221;&#8221; video_image=&#8221;&#8221; text_color=&#8221;dark&#8221; custom_text_color=&#8221;&#8221; text_align=&#8221;left&#8221; top_padding=&#8221;&#8221; bottom_padding=&#8221;&#8221; [&hellip;]<\/p>\n","protected":false},"author":1,"featured_media":0,"parent":0,"menu_order":0,"comment_status":"closed","ping_status":"closed","template":"","meta":[],"_links":{"self":[{"href":"https:\/\/simptask.com\/hu\/wp-json\/wp\/v2\/pages\/2204"}],"collection":[{"href":"https:\/\/simptask.com\/hu\/wp-json\/wp\/v2\/pages"}],"about":[{"href":"https:\/\/simptask.com\/hu\/wp-json\/wp\/v2\/types\/page"}],"author":[{"embeddable":true,"href":"https:\/\/simptask.com\/hu\/wp-json\/wp\/v2\/users\/1"}],"replies":[{"embeddable":true,"href":"https:\/\/simptask.com\/hu\/wp-json\/wp\/v2\/comments?post=2204"}],"version-history":[{"count":13,"href":"https:\/\/simptask.com\/hu\/wp-json\/wp\/v2\/pages\/2204\/revisions"}],"predecessor-version":[{"id":2217,"href":"https:\/\/simptask.com\/hu\/wp-json\/wp\/v2\/pages\/2204\/revisions\/2217"}],"wp:attachment":[{"href":"https:\/\/simptask.com\/hu\/wp-json\/wp\/v2\/media?parent=2204"}],"curies":[{"name":"wp","href":"https:\/\/api.w.org\/{rel}","templated":true}]}}