{"id":2235,"date":"2016-01-07T08:39:07","date_gmt":"2016-01-07T08:39:07","guid":{"rendered":"https:\/\/simptask.com\/hu\/?page_id=2235"},"modified":"2022-05-31T07:51:45","modified_gmt":"2022-05-31T07:51:45","slug":"jelenleti-iv","status":"publish","type":"page","link":"https:\/\/simptask.com\/hu\/jelenleti-iv\/","title":{"rendered":"Jelenl\u00e9ti \u00edv helyett haszn\u00e1ljon simpTASK-ot!"},"content":{"rendered":"<p>[vc_row top_padding=&#8221;50&#8243; bottom_padding=&#8221;50&#8243;][vc_column]<h1 class=\"headline font-special fontsize-xl fontweight-700 lh-12 align-center transform-inherit \" style=\"margin: 40px 0 20px 0;\">\n<p>simpTASK Munkaid\u0151-nyilv\u00e1ntart\u00e1s<\/p>\n<\/h1><h2 class=\"headline font-inherit fontsize-l fontweight-inherit lh-inherit align-center transform-inherit \" style=\"margin: 0 0 20px 0;\">\nA simpTASK projektmenedzsment rendszer\u00e9ben a felhaszn\u00e1l\u00f3k maguk r\u00f6gz\u00edthetik munkav\u00e9gz\u00e9s\u00fck r\u00e9szletes adatait, \u00edgy jelenl\u00e9ti \u00edv haszn\u00e1lata n\u00e9lk\u00fcl is megoldhat\u00f3 a munkaid\u0151 pontos ellen\u0151rz\u00e9se<br \/>\n<\/h2>[\/vc_column][\/vc_row][vc_row top_padding=&#8221;40&#8243; bottom_padding=&#8221;40&#8243;][vc_column width=&#8221;1\/3&#8243;]<div class=\"iconbox  wpb_content_element iconbox-style-3 icon-color-accent color-dark\"><i class=\"fa fa-edit boxicon\" style=\"\"><\/i><h3>Felhaszn\u00e1l\u00f3i tev\u00e9kenys\u00e9gr\u00f6gz\u00edt\u00e9s<\/h3><p>\n<p>A munkav\u00e9gz\u0151k egy webes fel\u00fcleten k\u00f6nnyed\u00e9n \u00e9s pontosan r\u00f6gz\u00edthetik tev\u00e9kenys\u00e9geiket, \u00edgy az\u00a0adatok \u00f6sszegy\u0171jt\u00e9s\u00e9hez nincs sz\u00fcks\u00e9g hosszadalmas pap\u00edrmunk\u00e1ra a HR-esek r\u00e9sz\u00e9r\u0151l<\/p>\n<\/p><\/div>[\/vc_column][vc_column width=&#8221;1\/3&#8243;]<div class=\"iconbox  wpb_content_element iconbox-style-3 icon-color-accent color-dark\"><i class=\"fa fa-file-text-o boxicon\" style=\"\"><\/i><h3>Jelenl\u00e9ti \u00edvek helyett<\/h3><p>\n<p>Az adatokb\u00f3l lek\u00e9rdez\u00e9sek k\u00e9sz\u00edthet\u0151k tetsz\u0151leges r\u00e9szletess\u00e9ggel, \u00edgy kiv\u00e1lthat\u00f3 a pap\u00edron vezetett jelenl\u00e9ti \u00edv, s\u0151t ak\u00e1r j\u00f3val prec\u00edzebb kimutat\u00e1sok is k\u00e9sz\u00edthet\u0151k az elv\u00e9gzett munk\u00e1kr\u00f3l<\/p>\n<\/p><\/div>[\/vc_column][vc_column width=&#8221;1\/3&#8243;]<div class=\"iconbox  wpb_content_element iconbox-style-3 icon-color-accent color-dark\"><i class=\"fa fa-plane boxicon\" style=\"\"><\/i><h3>Szabads\u00e1gok \u00e9s \u00fcgyletek nyilv\u00e1ntart\u00e1sa<\/h3><p>\n<p>A t\u00e1voll\u00e9tek (szabads\u00e1g, betegs\u00e9g, tanul\u00e1s), illetve az \u00fcgyeleti munk\u00e1k beoszt\u00e1sa is el\u0151re tervezhet\u0151 a szoftverben, \u00edgy folyamatosan biztos\u00edthat\u00f3 a munkav\u00e9gz\u00e9s g\u00f6rd\u00fcl\u00e9kenys\u00e9ge<\/p>\n<\/p><\/div>[\/vc_column][\/vc_row][vc_row][vc_column width=&#8221;1\/1&#8243;]<div class=\"single_image wpb_content_element align-center  animate   \" data-animation=\"fade-in\" data-delay=\"0\"><a href=\"https:\/\/simptask.com\/wp-content\/uploads\/2016\/01\/screenshot_calendar_1920_v2.jpg\" class=\"prettyPhoto\" rel=\"prettyPhoto[image]\"><img width=\"1920\" height=\"1080\" src=\"https:\/\/simptask.com\/wp-content\/uploads\/2016\/01\/screenshot_calendar_1920_v2.jpg\" class=\"attachment-full\" alt=\"\" decoding=\"async\" loading=\"lazy\" srcset=\"https:\/\/simptask.com\/wp-content\/uploads\/2016\/01\/screenshot_calendar_1920_v2.jpg 1920w, https:\/\/simptask.com\/wp-content\/uploads\/2016\/01\/screenshot_calendar_1920_v2-300x169.jpg 300w, https:\/\/simptask.com\/wp-content\/uploads\/2016\/01\/screenshot_calendar_1920_v2-1024x576.jpg 1024w, https:\/\/simptask.com\/wp-content\/uploads\/2016\/01\/screenshot_calendar_1920_v2-1000x563.jpg 1000w\" sizes=\"(max-width: 1920px) 100vw, 1920px\"><\/a><\/div>\n[\/vc_column][\/vc_row][vc_row top_padding=&#8221;40&#8243; bottom_padding=&#8221;40&#8243;][vc_column text_align=&#8221;center&#8221; width=&#8221;1\/1&#8243;][vc_column_text]<\/p>\n<h3 style=\"text-align: center;\">Pr\u00f3b\u00e1lja ki szoftver\u00fcnket v\u00e1llalkoz\u00e1sa hat\u00e9konyabb m\u0171k\u00f6d\u00e9s\u00e9\u00e9rt!<\/h3>\n<p>[\/vc_column_text]<a href=\"https:\/\/simptask.com\/hu\/kapcsolat\/\" target=\"_self\" class=\"button color-3 large \" style=\"border-radius: 2px;\">KAPCSOLAT<\/a>[\/vc_column][\/vc_row]<\/p>\n","protected":false},"excerpt":{"rendered":"<p>[vc_row top_padding=&#8221;50&#8243; bottom_padding=&#8221;50&#8243;][vc_column][\/vc_column][\/vc_row][vc_row top_padding=&#8221;40&#8243; bottom_padding=&#8221;40&#8243;][vc_column width=&#8221;1\/3&#8243;][\/vc_column][vc_column width=&#8221;1\/3&#8243;][\/vc_column][vc_column width=&#8221;1\/3&#8243;][\/vc_column][\/vc_row][vc_row][vc_column width=&#8221;1\/1&#8243;][\/vc_column][\/vc_row][vc_row top_padding=&#8221;40&#8243; bottom_padding=&#8221;40&#8243;][vc_column text_align=&#8221;center&#8221; width=&#8221;1\/1&#8243;][vc_column_text] Pr\u00f3b\u00e1lja ki szoftver\u00fcnket v\u00e1llalkoz\u00e1sa hat\u00e9konyabb m\u0171k\u00f6d\u00e9s\u00e9\u00e9rt! [\/vc_column_text][\/vc_column][\/vc_row]<\/p>\n","protected":false},"author":1,"featured_media":0,"parent":0,"menu_order":0,"comment_status":"closed","ping_status":"closed","template":"","meta":[],"_links":{"self":[{"href":"https:\/\/simptask.com\/hu\/wp-json\/wp\/v2\/pages\/2235"}],"collection":[{"href":"https:\/\/simptask.com\/hu\/wp-json\/wp\/v2\/pages"}],"about":[{"href":"https:\/\/simptask.com\/hu\/wp-json\/wp\/v2\/types\/page"}],"author":[{"embeddable":true,"href":"https:\/\/simptask.com\/hu\/wp-json\/wp\/v2\/users\/1"}],"replies":[{"embeddable":true,"href":"https:\/\/simptask.com\/hu\/wp-json\/wp\/v2\/comments?post=2235"}],"version-history":[{"count":7,"href":"https:\/\/simptask.com\/hu\/wp-json\/wp\/v2\/pages\/2235\/revisions"}],"predecessor-version":[{"id":3038,"href":"https:\/\/simptask.com\/hu\/wp-json\/wp\/v2\/pages\/2235\/revisions\/3038"}],"wp:attachment":[{"href":"https:\/\/simptask.com\/hu\/wp-json\/wp\/v2\/media?parent=2235"}],"curies":[{"name":"wp","href":"https:\/\/api.w.org\/{rel}","templated":true}]}}