{"id":2237,"date":"2016-01-07T08:57:33","date_gmt":"2016-01-07T08:57:33","guid":{"rendered":"https:\/\/simptask.com\/hu\/?page_id=2237"},"modified":"2022-05-31T07:54:09","modified_gmt":"2022-05-31T07:54:09","slug":"szabadsagok","status":"publish","type":"page","link":"https:\/\/simptask.com\/hu\/szabadsagok\/","title":{"rendered":"Szabads\u00e1g nyilv\u00e1ntart\u00e1s a simpTASK-ban"},"content":{"rendered":"<p>[vc_row top_padding=&#8221;50&#8243; bottom_padding=&#8221;40&#8243;][vc_column]<h1 class=\"headline font-special fontsize-xl fontweight-700 lh-12 align-center transform-inherit \" style=\"margin: 40px 0 20px 0;\">\nsimpTASK Szabads\u00e1g-nyilv\u00e1ntart\u00e1s<\/p>\n<\/h1><h2 class=\"headline font-inherit fontsize-l fontweight-inherit lh-inherit align-center transform-inherit \" style=\"margin: 0 0 20px 0;\">A simpTASK rendszer\u00e9ben egyszer\u0171en \u00e9s \u00e1tl\u00e1that\u00f3an tervezheti c\u00e9g\u00e9n\u00e9l a szabads\u00e1gok \u00e9s egy\u00e9b t\u00e1voll\u00e9tek miatti hi\u00e1nyz\u00e1sokat<br \/>\n<\/h2>[\/vc_column][\/vc_row][vc_row top_padding=&#8221;40&#8243; bottom_padding=&#8221;40&#8243;][vc_column width=&#8221;1\/3&#8243;]<div class=\"iconbox  wpb_content_element iconbox-style-3 icon-color-accent color-dark\"><i class=\"fa fa-plane boxicon\" style=\"\"><\/i><h3>Egy\u00e9ni szabads\u00e1gr\u00f6gz\u00edt\u00e9s<\/h3><p>\n<p>A simpTASK napt\u00e1rn\u00e9zet\u0171 szabads\u00e1g-nyilv\u00e1ntart\u00f3j\u00e1t a felhaszn\u00e1l\u00f3k maguk vezethetik egy publikus, \u00e1tl\u00e1that\u00f3 fel\u00fcleten, \u00edgy mindenki optim\u00e1lisan megtervezheti t\u00e1volmarad\u00e1sait, a munkav\u00e9gz\u00e9s h\u00e1tr\u00e1ltat\u00e1sa n\u00e9lk\u00fcl<\/p>\n<\/p><\/div>[\/vc_column][vc_column width=&#8221;1\/3&#8243;]<div class=\"iconbox  wpb_content_element iconbox-style-3 icon-color-accent color-dark\"><i class=\"fa fa-calendar boxicon\" style=\"\"><\/i><h3>Konfigur\u00e1lhat\u00f3 \u00e9ves munkanapt\u00e1r<\/h3><p>\n<p>A szoftver nyilv\u00e1ntartja a munkav\u00e9gz\u0151k kivehet\u0151 szabads\u00e1gait, tov\u00e1bb\u00e1 az aktu\u00e1lis napt\u00e1ri \u00e9v munkasz\u00fcneti \u00e9s extra munkanapjait, ezzel is t\u00e1mogatva a hat\u00e9kony munkaszervez\u00e9st<\/p>\n<\/p><\/div>[\/vc_column][vc_column width=&#8221;1\/3&#8243;]<div class=\"iconbox  wpb_content_element iconbox-style-3 icon-color-accent color-dark\"><i class=\"fa fa-times boxicon\" style=\"\"><\/i><h3>T\u00e1voll\u00e9tek jelz\u00e9se<\/h3><p>\n<p>A szabads\u00e1g, betegs\u00e9g, illetve otthon vagy \u00fcgyf\u00e9ln\u00e9l v\u00e9gzett munka miatti t\u00e1voll\u00e9teket a rendszer folyamatosan jelzi, \u00edgy a koll\u00e9g\u00e1k mindig tudhatj\u00e1k, hogy ki \u00e9s mikor nem \u00e9rhet\u0151 el<\/p>\n<\/p><\/div>[\/vc_column][\/vc_row][vc_row top_padding=&#8221;40&#8243; bottom_padding=&#8221;40&#8243;][vc_column text_align=&#8221;center&#8221; width=&#8221;1\/1&#8243;][vc_column_text]<\/p>\n<h3 style=\"text-align: center;\">Pr\u00f3b\u00e1lja ki szoftver\u00fcnket\u00a0v\u00e1llalkoz\u00e1sa hat\u00e9konyabb m\u0171k\u00f6d\u00e9s\u00e9\u00e9rt!<\/h3>\n<p>[\/vc_column_text]<a href=\"https:\/\/simptask.com\/hu\/kapcsolat\/\" target=\"_self\" class=\"button color-3 large \" style=\"border-radius: 2px;\">KAPCSOLAT<\/a>[\/vc_column][\/vc_row]<\/p>\n","protected":false},"excerpt":{"rendered":"<p>[vc_row top_padding=&#8221;50&#8243; bottom_padding=&#8221;40&#8243;][vc_column][\/vc_column][\/vc_row][vc_row top_padding=&#8221;40&#8243; bottom_padding=&#8221;40&#8243;][vc_column width=&#8221;1\/3&#8243;][\/vc_column][vc_column width=&#8221;1\/3&#8243;][\/vc_column][vc_column width=&#8221;1\/3&#8243;][\/vc_column][\/vc_row][vc_row top_padding=&#8221;40&#8243; bottom_padding=&#8221;40&#8243;][vc_column text_align=&#8221;center&#8221; width=&#8221;1\/1&#8243;][vc_column_text] Pr\u00f3b\u00e1lja ki szoftver\u00fcnket\u00a0v\u00e1llalkoz\u00e1sa hat\u00e9konyabb m\u0171k\u00f6d\u00e9s\u00e9\u00e9rt! [\/vc_column_text][\/vc_column][\/vc_row]<\/p>\n","protected":false},"author":1,"featured_media":0,"parent":0,"menu_order":0,"comment_status":"closed","ping_status":"closed","template":"","meta":[],"_links":{"self":[{"href":"https:\/\/simptask.com\/hu\/wp-json\/wp\/v2\/pages\/2237"}],"collection":[{"href":"https:\/\/simptask.com\/hu\/wp-json\/wp\/v2\/pages"}],"about":[{"href":"https:\/\/simptask.com\/hu\/wp-json\/wp\/v2\/types\/page"}],"author":[{"embeddable":true,"href":"https:\/\/simptask.com\/hu\/wp-json\/wp\/v2\/users\/1"}],"replies":[{"embeddable":true,"href":"https:\/\/simptask.com\/hu\/wp-json\/wp\/v2\/comments?post=2237"}],"version-history":[{"count":8,"href":"https:\/\/simptask.com\/hu\/wp-json\/wp\/v2\/pages\/2237\/revisions"}],"predecessor-version":[{"id":3040,"href":"https:\/\/simptask.com\/hu\/wp-json\/wp\/v2\/pages\/2237\/revisions\/3040"}],"wp:attachment":[{"href":"https:\/\/simptask.com\/hu\/wp-json\/wp\/v2\/media?parent=2237"}],"curies":[{"name":"wp","href":"https:\/\/api.w.org\/{rel}","templated":true}]}}