{"id":2249,"date":"2016-01-07T14:19:40","date_gmt":"2016-01-07T14:19:40","guid":{"rendered":"https:\/\/simptask.com\/hu\/?page_id=2249"},"modified":"2022-05-31T07:39:13","modified_gmt":"2022-05-31T07:39:13","slug":"simptask-megoldasok","status":"publish","type":"page","link":"https:\/\/simptask.com\/hu\/simptask-megoldasok\/","title":{"rendered":"Megold\u00e1sok"},"content":{"rendered":"<p>[vc_row bg_image=&#8221;1960&#8243; parallax_bg=&#8221;true&#8221; bg_color=&#8221;#aebf4f&#8221; top_padding=&#8221;149&#8243; bottom_padding=&#8221;149&#8243; bg_position=&#8221;center center&#8221;][vc_column width=&#8221;1\/1&#8243;]<h2 class=\"headline font-inherit fontsize-xxl fontweight-inherit lh-inherit align-left transform-inherit \" style=\"margin: 0 0 20px 0; color: #ffffff;\">simpTASK<\/p>\n<\/h2><h1 class=\"headline font-special fontsize-xxxxl fontweight-700 lh-12 align-left transform-uppercase \" style=\"margin: 0; color: #ffffff;\">\n<p>Megold\u00e1sok<\/p>\n<\/h1>[\/vc_column][\/vc_row][vc_row][vc_column width=&#8221;1\/2&#8243;]<div class=\"spacer\" style=\"height: 40px;\"><\/div><div class=\"box clearfix style-1 wpb_content_element align-center \" style=\"padding: 40px 40px 40px 40px; min-height: 280px;\"><i class=\"fa fa-eye minti-icon\" style=\"color:#a6c549 !important; font-size: 40px; margin: 10px 10px 10px 10px\"><\/i>\n<h2>Projekt\u00a0kontrolling<\/h2>\n<p>Folyamatosan ellen\u0151rizheti projektjeit: k\u00f6vetheti a projektek \u00e9s feladatok k\u00e9sz\u00fclts\u00e9g\u00e9nek \u00e9s r\u00e1ford\u00edt\u00e1sainak alakul\u00e1s\u00e1t, illetve a megval\u00f3sul\u00e1s k\u00fcl\u00f6nb\u00f6z\u0151 kock\u00e1zatait<\/p>\n<a href=\"\/hu\/projekt-kontrolling\" target=\"_self\" class=\"button color-1 small \" style=\"border-radius: 2px;\">Projekt kontrolling &#8211; R\u00e9szletek<\/a><\/div><div class=\"box clearfix style-1 wpb_content_element align-center \" style=\"padding: 40px 40px 40px 40px; min-height: 280px;\"><i class=\"fa fa-plane minti-icon\" style=\"color:#a6c549 !important; font-size: 40px; margin: 10px 10px 10px 10px\"><\/i>\n<h2>Szabads\u00e1g-nyilv\u00e1ntart\u00e1s<\/h2>\n<p>Egyszer\u0171en \u00e9s \u00e1tl\u00e1that\u00f3an tervezheti c\u00e9g\u00e9n\u00e9l a szabads\u00e1gok \u00e9s egy\u00e9b t\u00e1voll\u00e9tek miatti hi\u00e1nyz\u00e1sokat<\/p>\n<a href=\"\/hu\/szabadsagok\" target=\"_self\" class=\"button color-1 small \" style=\"border-radius: 2px;\">Szabads\u00e1g-nyilv\u00e1ntart\u00f3 &#8211; R\u00e9szletek<\/a><\/div><div class=\"box clearfix style-1 wpb_content_element align-center \" style=\"padding: 40px 40px 40px 40px; min-height: 280px;\"><i class=\"fa fa-file-text-o minti-icon\" style=\"color:#a6c549 !important; font-size: 40px; margin: 10px 10px 10px 10px\"><\/i>\n<h2>Inform\u00e1ci\u00f3 \u00e9s dokumentum megoszt\u00e1s<\/h2>\n<p>Jegyzeteket \u00e9s hivatkoz\u00e1sokat rendelhet minden nyilv\u00e1ntartott projekthez \u00e9s feladathoz, ezzel is jav\u00edtva a c\u00e9gen bel\u00fcli inform\u00e1ci\u00f3\u00e1raml\u00e1st, \u00e9s n\u00f6velve a munkav\u00e9gz\u00e9s hat\u00e9konys\u00e1g\u00e1t<\/p>\n<a href=\"\/hu\/jegyzetek\" target=\"_self\" class=\"button color-1 small \" style=\"border-radius: 2px;\">Jegyzetek\u00a0&#8211; R\u00e9szletek<\/a><\/div><div class=\"box clearfix style-1 wpb_content_element align-center \" style=\"padding: 40px 40px 40px 40px; min-height: 280px;\"><i class=\"fa fa-child minti-icon\" style=\"color:#a6c549 !important; font-size: 40px; margin: 10px 10px 10px 10px\"><\/i>\n<h2>Munkat\u00e1rs-nyilv\u00e1ntart\u00e1s<\/h2>\n<p>Lehet\u0151s\u00e9ge ny\u00edlik a koll\u00e9g\u00e1k k\u00fcl\u00f6nb\u00f6z\u0151 szem\u00e9lyes \u00e9s c\u00e9ges adatainak t\u00e1rol\u00e1s\u00e1ra, \u00edgy egy helyen l\u00e1thatja a csapat\u00e1hoz kapcsol\u00f3d\u00f3 \u00f6sszes fontosabb inform\u00e1ci\u00f3t<\/p>\n<a href=\"\/hu\/munkatarsak\" target=\"_self\" class=\"button color-1 small \" style=\"border-radius: 2px;\">Munkat\u00e1rsak &#8211; R\u00e9szletek<\/a><\/div>[\/vc_column][vc_column width=&#8221;1\/2&#8243;]<div class=\"spacer\" style=\"height: 40px;\"><\/div><div class=\"box clearfix style-1 wpb_content_element align-center \" style=\"padding: 40px 40px 40px 40px; min-height: 280px;\"><i class=\"fa fa-clock-o minti-icon\" style=\"color:#a6c549 !important; font-size: 40px; margin: 10px 10px 10px 10px\"><\/i>\n<h2>Munkaid\u0151-nyilv\u00e1ntart\u00e1s<\/h2>\n<p>A felhaszn\u00e1l\u00f3k maguk r\u00f6gz\u00edthetik munkav\u00e9gz\u00e9s\u00fck r\u00e9szletes adatait, \u00edgy jelenl\u00e9ti \u00edv haszn\u00e1lata n\u00e9lk\u00fcl is megoldhat\u00f3 a munkaid\u0151 pontos ellen\u0151rz\u00e9se<\/p>\n<a href=\"\/hu\/jelenleti-iv\" target=\"_self\" class=\"button color-1 small \" style=\"border-radius: 2px;\">Munkaid\u0151-nyilv\u00e1ntart\u00f3 &#8211; R\u00e9szletek<\/a><\/div><div class=\"box clearfix style-1 wpb_content_element align-center \" style=\"padding: 40px 40px 40px 40px; min-height: 280px;\"><i class=\"fa fa-phone minti-icon\" style=\"color:#a6c549 !important; font-size: 40px; margin: 10px 10px 10px 10px\"><\/i>\n<h2>\u00dcgyeleti id\u0151k nyilv\u00e1ntart\u00e1sa<\/h2>\n<p>Az \u00fcgyeletes csapatok munkav\u00e9gz\u00e9s\u00e9nek beoszt\u00e1s\u00e1t is \u00f6ssze\u00e1ll\u00edthatja<\/p>\n<a href=\"\/hu\/ugyeleti-idok\" target=\"_self\" class=\"button color-1 small \" style=\"border-radius: 2px;\">\u00dcgyeleti id\u0151k &#8211; R\u00e9szletek<\/a><\/div><div class=\"box clearfix style-1 wpb_content_element align-center \" style=\"padding: 40px 40px 40px 40px; min-height: 280px;\"><i class=\"fa fa-user minti-icon\" style=\"color:#a6c549 !important; font-size: 40px; margin: 10px 10px 10px 10px\"><\/i>\n<h2>\u00dcgyf\u00e9l-nyilv\u00e1ntart\u00e1s<\/h2>\n<p>List\u00e1t vezethet a c\u00e9g k\u00fcls\u0151 \u00e9s bels\u0151 \u00fcgyfeleir\u0151l, illetve feljegyezheti a kapcsolattart\u00f3k adatait is<\/p>\n<a href=\"\/hu\/ugyfelek\" target=\"_self\" class=\"button color-1 small \" style=\"border-radius: 2px;\">\u00dcgyfelek &#8211; R\u00e9szletek<\/a><\/div><div class=\"box clearfix style-1 wpb_content_element align-center \" style=\"padding: 40px 40px 40px 40px; min-height: 280px;\"><i class=\"fa fa-car minti-icon\" style=\"color:#a6c549 !important; font-size: 40px; margin: 10px 10px 10px 10px\"><\/i>\n<h2>Eszk\u00f6znyilv\u00e1ntart\u00f3<\/h2>\n<p>A\u00a0k\u00fcl\u00f6nb\u00f6z\u0151 eszk\u00f6z\u00f6k (pl.: c\u00e9ges aut\u00f3k) foglal\u00e1sainak adminisztr\u00e1l\u00e1sa: a felhaszn\u00e1l\u00f3k k\u00f6nnyed\u00e9n jelezhetik ig\u00e9nyl\u00e9seiket, az er\u0151forr\u00e1sgazd\u00e1k pedig elb\u00edr\u00e1lhatj\u00e1k azokat<\/p>\n<a href=\"\/hu\/eszkozok\" target=\"_self\" class=\"button color-1 small \" style=\"border-radius: 2px;\">Eszk\u00f6z\u00f6k &#8211; R\u00e9szletek<\/a><\/div>[\/vc_column][\/vc_row][vc_row bg_color=&#8221;#fafafa&#8221; top_padding=&#8221;40&#8243; bottom_padding=&#8221;40&#8243;][vc_column text_align=&#8221;center&#8221; width=&#8221;1\/1&#8243;]<a href=\"https:\/\/simptask.com\/hu\/kapcsolat\/\" target=\"_self\" class=\"button color-3 large \" style=\"border-radius: 2px;\">KAPCSOLAT<\/a>[\/vc_column][\/vc_row]<\/p>\n","protected":false},"excerpt":{"rendered":"<p>[vc_row bg_image=&#8221;1960&#8243; parallax_bg=&#8221;true&#8221; bg_color=&#8221;#aebf4f&#8221; top_padding=&#8221;149&#8243; bottom_padding=&#8221;149&#8243; bg_position=&#8221;center center&#8221;][vc_column width=&#8221;1\/1&#8243;][\/vc_column][\/vc_row][vc_row][vc_column width=&#8221;1\/2&#8243;][\/vc_column][vc_column width=&#8221;1\/2&#8243;][\/vc_column][\/vc_row][vc_row bg_color=&#8221;#fafafa&#8221; top_padding=&#8221;40&#8243; bottom_padding=&#8221;40&#8243;][vc_column text_align=&#8221;center&#8221; width=&#8221;1\/1&#8243;][\/vc_column][\/vc_row]<\/p>\n","protected":false},"author":1,"featured_media":0,"parent":0,"menu_order":0,"comment_status":"closed","ping_status":"closed","template":"","meta":[],"_links":{"self":[{"href":"https:\/\/simptask.com\/hu\/wp-json\/wp\/v2\/pages\/2249"}],"collection":[{"href":"https:\/\/simptask.com\/hu\/wp-json\/wp\/v2\/pages"}],"about":[{"href":"https:\/\/simptask.com\/hu\/wp-json\/wp\/v2\/types\/page"}],"author":[{"embeddable":true,"href":"https:\/\/simptask.com\/hu\/wp-json\/wp\/v2\/users\/1"}],"replies":[{"embeddable":true,"href":"https:\/\/simptask.com\/hu\/wp-json\/wp\/v2\/comments?post=2249"}],"version-history":[{"count":24,"href":"https:\/\/simptask.com\/hu\/wp-json\/wp\/v2\/pages\/2249\/revisions"}],"predecessor-version":[{"id":3034,"href":"https:\/\/simptask.com\/hu\/wp-json\/wp\/v2\/pages\/2249\/revisions\/3034"}],"wp:attachment":[{"href":"https:\/\/simptask.com\/hu\/wp-json\/wp\/v2\/media?parent=2249"}],"curies":[{"name":"wp","href":"https:\/\/api.w.org\/{rel}","templated":true}]}}