{"id":2257,"date":"2016-01-08T13:12:28","date_gmt":"2016-01-08T13:12:28","guid":{"rendered":"https:\/\/simptask.com\/hu\/?page_id=2257"},"modified":"2022-05-31T07:57:09","modified_gmt":"2022-05-31T07:57:09","slug":"ugyeleti-idok","status":"publish","type":"page","link":"https:\/\/simptask.com\/hu\/ugyeleti-idok\/","title":{"rendered":"\u00dcgyeleti id\u0151k nyilv\u00e1ntart\u00e1sa a simpTASK-ban"},"content":{"rendered":"<p>[vc_row top_padding=&#8221;50&#8243; bottom_padding=&#8221;40&#8243;][vc_column]<h1 class=\"headline font-special fontsize-xl fontweight-700 lh-12 align-center transform-inherit \" style=\"margin: 40px 0 20px 0;\">simpTASK \u00dcgyeleti id\u0151k nyilv\u00e1ntart\u00e1sa<br \/>\n<\/h1><h2 class=\"headline font-inherit fontsize-l fontweight-inherit lh-inherit align-center transform-inherit \" style=\"margin: 0 0 20px 0;\">A simpTASK rendszer\u00e9ben az \u00fcgyeletes csapatok munkav\u00e9gz\u00e9s\u00e9nek beoszt\u00e1s\u00e1t is \u00f6ssze\u00e1ll\u00edthatja<br \/>\n<\/h2>[\/vc_column][\/vc_row][vc_row top_padding=&#8221;40&#8243; bottom_padding=&#8221;40&#8243;][vc_column width=&#8221;1\/3&#8243;]<div class=\"iconbox  wpb_content_element iconbox-style-3 icon-color-accent color-dark\"><i class=\"fa fa-users boxicon\" style=\"\"><\/i><h3>\u00dcgyeleti csoportok<\/h3><p>\n<p>A k\u00fcl\u00f6nb\u00f6z\u0151 \u00fcgyeleti munk\u00e1k elv\u00e9gz\u00e9s\u00e9hez k\u00fcl\u00f6n munkacsoportokat alak\u00edthat ki a simpTASK felhaszn\u00e1l\u00f3ib\u00f3l, majd a csoporton bel\u00fcl allok\u00e1lhatja az \u00fcgyeleti id\u0151pontokat<\/p>\n<\/p><\/div>[\/vc_column][vc_column width=&#8221;1\/3&#8243;]<div class=\"iconbox  wpb_content_element iconbox-style-3 icon-color-accent color-dark\"><i class=\"fa fa-calendar boxicon\" style=\"\"><\/i><h3>\u00dcgyeleti napt\u00e1r<\/h3><p>\n<p>Napt\u00e1rszer\u0171 n\u00e9zetben tervezheti a kiv\u00e1lasztott h\u00f3nap \u00fcgyeleteinek beoszt\u00e1s\u00e1t, s\u0151t tetsz\u0151leges id\u0151tartamra, ak\u00e1r \u00e9vekre is el\u0151re tervezheti az \u00fcgyeleti munk\u00e1kat<\/p>\n<\/p><\/div>[\/vc_column][vc_column width=&#8221;1\/3&#8243;]<div class=\"iconbox  wpb_content_element iconbox-style-3 icon-color-accent color-dark\"><i class=\"fa fa-files-o boxicon\" style=\"\"><\/i><h3>T\u00e9nyleges \u00e9s tervezett \u00fcgyeletek<\/h3><p>\n<p>A simpTASK a tervezetten t\u00fal a t\u00e9nylegesen megval\u00f3sult \u00fcgyeleteket is nyilv\u00e1ntartja, \u00edgy az \u00fcgyeleti beoszt\u00e1s mindig pontos \u00e9s teljes inform\u00e1ci\u00f3kat tartalmazhat<\/p>\n<\/p><\/div>[\/vc_column][\/vc_row][vc_row top_padding=&#8221;40&#8243; bottom_padding=&#8221;40&#8243;][vc_column text_align=&#8221;center&#8221; width=&#8221;1\/1&#8243;][vc_column_text]<\/p>\n<h3 style=\"text-align: center;\">Pr\u00f3b\u00e1lja ki szoftver\u00fcnket\u00a0v\u00e1llalkoz\u00e1sa hat\u00e9konyabb m\u0171k\u00f6d\u00e9s\u00e9\u00e9rt!<\/h3>\n<p>[\/vc_column_text]<a href=\"https:\/\/simptask.com\/hu\/kapcsolat\/\" target=\"_self\" class=\"button color-3 large \" style=\"border-radius: 2px;\">KAPCSOLAT<\/a>[\/vc_column][\/vc_row]<\/p>\n","protected":false},"excerpt":{"rendered":"<p>[vc_row top_padding=&#8221;50&#8243; bottom_padding=&#8221;40&#8243;][vc_column][\/vc_column][\/vc_row][vc_row top_padding=&#8221;40&#8243; bottom_padding=&#8221;40&#8243;][vc_column width=&#8221;1\/3&#8243;][\/vc_column][vc_column width=&#8221;1\/3&#8243;][\/vc_column][vc_column width=&#8221;1\/3&#8243;][\/vc_column][\/vc_row][vc_row top_padding=&#8221;40&#8243; bottom_padding=&#8221;40&#8243;][vc_column text_align=&#8221;center&#8221; width=&#8221;1\/1&#8243;][vc_column_text] Pr\u00f3b\u00e1lja ki szoftver\u00fcnket\u00a0v\u00e1llalkoz\u00e1sa hat\u00e9konyabb m\u0171k\u00f6d\u00e9s\u00e9\u00e9rt! [\/vc_column_text][\/vc_column][\/vc_row]<\/p>\n","protected":false},"author":1,"featured_media":0,"parent":0,"menu_order":0,"comment_status":"closed","ping_status":"closed","template":"","meta":[],"_links":{"self":[{"href":"https:\/\/simptask.com\/hu\/wp-json\/wp\/v2\/pages\/2257"}],"collection":[{"href":"https:\/\/simptask.com\/hu\/wp-json\/wp\/v2\/pages"}],"about":[{"href":"https:\/\/simptask.com\/hu\/wp-json\/wp\/v2\/types\/page"}],"author":[{"embeddable":true,"href":"https:\/\/simptask.com\/hu\/wp-json\/wp\/v2\/users\/1"}],"replies":[{"embeddable":true,"href":"https:\/\/simptask.com\/hu\/wp-json\/wp\/v2\/comments?post=2257"}],"version-history":[{"count":4,"href":"https:\/\/simptask.com\/hu\/wp-json\/wp\/v2\/pages\/2257\/revisions"}],"predecessor-version":[{"id":3041,"href":"https:\/\/simptask.com\/hu\/wp-json\/wp\/v2\/pages\/2257\/revisions\/3041"}],"wp:attachment":[{"href":"https:\/\/simptask.com\/hu\/wp-json\/wp\/v2\/media?parent=2257"}],"curies":[{"name":"wp","href":"https:\/\/api.w.org\/{rel}","templated":true}]}}