{"id":2261,"date":"2016-01-11T07:51:53","date_gmt":"2016-01-11T07:51:53","guid":{"rendered":"https:\/\/simptask.com\/hu\/?page_id=2261"},"modified":"2022-05-31T07:43:32","modified_gmt":"2022-05-31T07:43:32","slug":"projekt-kontrolling","status":"publish","type":"page","link":"https:\/\/simptask.com\/hu\/projekt-kontrolling\/","title":{"rendered":"Projekt- \u00e9s feladatmenedzsment a simpTASK-ban"},"content":{"rendered":"<p>[vc_row top_padding=&#8221;50&#8243; bottom_padding=&#8221;50&#8243;][vc_column text_align=&#8221;center&#8221;]<h1 class=\"headline font-special fontsize-xl fontweight-700 lh-12 align-center transform-inherit \" style=\"margin: 40px 0 20px 0;\">\nsimpTASK Projekt kontrolling<br \/>\n<\/h1><h2 class=\"headline font-inherit fontsize-l fontweight-inherit lh-inherit align-center transform-inherit \" style=\"margin: 0 0 20px 0;\">A simpTASK seg\u00edti \u00d6nt projektjei folyamatos kontroll\u00e1l\u00e1s\u00e1ban: k\u00f6vetheti a projektek \u00e9s feladatok k\u00e9sz\u00fclts\u00e9g\u00e9nek \u00e9s r\u00e1ford\u00edt\u00e1sainak alakul\u00e1s\u00e1t, illetve a megval\u00f3sul\u00e1s k\u00fcl\u00f6nb\u00f6z\u0151 kock\u00e1zatait<br \/>\n<\/h2>[\/vc_column][\/vc_row][vc_row][vc_column width=&#8221;1\/3&#8243;]<div class=\"iconbox  wpb_content_element iconbox-style-3 icon-color-accent color-dark\"><i class=\"fa fa-plus-square boxicon\" style=\"\"><\/i><h3>Projektek l\u00e9trehoz\u00e1sa<\/h3><p>\n<p>Az elv\u00e9gzend\u0151 projekteket \u00e9s feladatokat l\u00e9trehozhatja a rendszeren bel\u00fcl, illetve ak\u00e1r Microsoft Project-ben l\u00e9trehozott \u00fcgyleteit is import\u00e1lhatja a simpTASK-ba<\/p>\n<\/p><\/div>[\/vc_column][vc_column width=&#8221;1\/3&#8243;]<div class=\"iconbox  wpb_content_element iconbox-style-3 icon-color-accent color-dark\"><i class=\"fa fa-files-o boxicon\" style=\"\"><\/i><h3>Munkav\u00e9gz\u00e9si adatok t\u00e1rol\u00e1sa<\/h3><p>\n<p>A munkav\u00e9gz\u00e9s r\u00e1ford\u00edt\u00e1sait \u00e9s eredm\u00e9nyeit a felhaszn\u00e1l\u00f3k maguk r\u00f6gz\u00edthetik, \u00edgy a projektek vezet\u0151i kev\u00e9s adminisztr\u00e1ci\u00f3 \u00e1r\u00e1n is pontos adatokhoz jutnak a munk\u00e1k halad\u00e1s\u00e1val kapcsolatban<\/p>\n<\/p><\/div>[\/vc_column][vc_column width=&#8221;1\/3&#8243;]<div class=\"iconbox  wpb_content_element iconbox-style-3 icon-color-accent color-dark\"><i class=\"fa fa-line-chart boxicon\" style=\"\"><\/i><h3>Megval\u00f3sul\u00e1s \u00e9s kock\u00e1zatok k\u00f6vet\u00e9se<\/h3><p>\n<p>A k\u00e9sz\u00fclts\u00e9geket, r\u00e1ford\u00edt\u00e1sokat, illetve a megval\u00f3sul\u00e1s kock\u00e1zatait \u00d6n folyamatosan, val\u00f3s id\u0151ben nyomon k\u00f6vetheti a simpTASK-ban, \u00edgy b\u00e1rmilyen probl\u00e9ma eset\u00e9n k\u00e9pes lesz hat\u00e9konyan beavatkozni a siker \u00e9rdek\u00e9ben<\/p>\n<\/p><\/div>[\/vc_column][\/vc_row][vc_row top_padding=&#8221;40&#8243; bottom_padding=&#8221;40&#8243;][vc_column width=&#8221;1\/6&#8243;][vc_column_text]<br \/>\n[\/vc_column_text][\/vc_column][vc_column width=&#8221;2\/3&#8243;]<div class=\"single_image wpb_content_element align-center  animate   \" data-animation=\"fade-in\" data-delay=\"0\"><a href=\"https:\/\/simptask.com\/wp-content\/uploads\/2016\/01\/screenshot_risk_1920.jpg\" class=\"prettyPhoto\" rel=\"prettyPhoto[image]\"><img width=\"1920\" height=\"1080\" src=\"https:\/\/simptask.com\/wp-content\/uploads\/2016\/01\/screenshot_risk_1920.jpg\" class=\"attachment-full\" alt=\"\" decoding=\"async\" loading=\"lazy\" srcset=\"https:\/\/simptask.com\/wp-content\/uploads\/2016\/01\/screenshot_risk_1920.jpg 1920w, https:\/\/simptask.com\/wp-content\/uploads\/2016\/01\/screenshot_risk_1920-300x169.jpg 300w, https:\/\/simptask.com\/wp-content\/uploads\/2016\/01\/screenshot_risk_1920-1024x576.jpg 1024w, https:\/\/simptask.com\/wp-content\/uploads\/2016\/01\/screenshot_risk_1920-1000x563.jpg 1000w\" sizes=\"(max-width: 1920px) 100vw, 1920px\"><\/a><\/div>\n[\/vc_column][vc_column width=&#8221;1\/6&#8243;][vc_column_text]<br \/>\n[\/vc_column_text][\/vc_column][\/vc_row][vc_row bottom_padding=&#8221;40&#8243;][vc_column text_align=&#8221;center&#8221; width=&#8221;1\/1&#8243;][vc_column_text]<\/p>\n<h3 style=\"text-align: center;\">Pr\u00f3b\u00e1lja ki szoftver\u00fcnket v\u00e1llalkoz\u00e1sa hat\u00e9konyabb m\u0171k\u00f6d\u00e9s\u00e9\u00e9rt!<\/h3>\n<p>[\/vc_column_text]<a href=\"https:\/\/simptask.com\/hu\/kapcsolat\/\" target=\"_self\" class=\"button color-3 large \" style=\"border-radius: 2px;\">KAPCSOLAT<\/a>[\/vc_column][\/vc_row]<\/p>\n","protected":false},"excerpt":{"rendered":"<p>[vc_row top_padding=&#8221;50&#8243; bottom_padding=&#8221;50&#8243;][vc_column text_align=&#8221;center&#8221;][\/vc_column][\/vc_row][vc_row][vc_column width=&#8221;1\/3&#8243;][\/vc_column][vc_column width=&#8221;1\/3&#8243;][\/vc_column][vc_column width=&#8221;1\/3&#8243;][\/vc_column][\/vc_row][vc_row top_padding=&#8221;40&#8243; bottom_padding=&#8221;40&#8243;][vc_column width=&#8221;1\/6&#8243;][vc_column_text] [\/vc_column_text][\/vc_column][vc_column width=&#8221;2\/3&#8243;][\/vc_column][vc_column width=&#8221;1\/6&#8243;][vc_column_text] [\/vc_column_text][\/vc_column][\/vc_row][vc_row bottom_padding=&#8221;40&#8243;][vc_column text_align=&#8221;center&#8221; width=&#8221;1\/1&#8243;][vc_column_text] Pr\u00f3b\u00e1lja ki szoftver\u00fcnket v\u00e1llalkoz\u00e1sa hat\u00e9konyabb m\u0171k\u00f6d\u00e9s\u00e9\u00e9rt! [\/vc_column_text][\/vc_column][\/vc_row]<\/p>\n","protected":false},"author":1,"featured_media":0,"parent":0,"menu_order":0,"comment_status":"closed","ping_status":"closed","template":"","meta":[],"_links":{"self":[{"href":"https:\/\/simptask.com\/hu\/wp-json\/wp\/v2\/pages\/2261"}],"collection":[{"href":"https:\/\/simptask.com\/hu\/wp-json\/wp\/v2\/pages"}],"about":[{"href":"https:\/\/simptask.com\/hu\/wp-json\/wp\/v2\/types\/page"}],"author":[{"embeddable":true,"href":"https:\/\/simptask.com\/hu\/wp-json\/wp\/v2\/users\/1"}],"replies":[{"embeddable":true,"href":"https:\/\/simptask.com\/hu\/wp-json\/wp\/v2\/comments?post=2261"}],"version-history":[{"count":7,"href":"https:\/\/simptask.com\/hu\/wp-json\/wp\/v2\/pages\/2261\/revisions"}],"predecessor-version":[{"id":3036,"href":"https:\/\/simptask.com\/hu\/wp-json\/wp\/v2\/pages\/2261\/revisions\/3036"}],"wp:attachment":[{"href":"https:\/\/simptask.com\/hu\/wp-json\/wp\/v2\/media?parent=2261"}],"curies":[{"name":"wp","href":"https:\/\/api.w.org\/{rel}","templated":true}]}}