{"id":2263,"date":"2016-01-11T07:55:46","date_gmt":"2016-01-11T07:55:46","guid":{"rendered":"https:\/\/simptask.com\/hu\/?page_id=2263"},"modified":"2022-05-31T08:00:14","modified_gmt":"2022-05-31T08:00:14","slug":"jegyzetek","status":"publish","type":"page","link":"https:\/\/simptask.com\/hu\/jegyzetek\/","title":{"rendered":"Inform\u00e1ci\u00f3k, jegyzetek megoszt\u00e1sa a simpTASK-ban"},"content":{"rendered":"<p>[vc_row top_padding=&#8221;50&#8243; bottom_padding=&#8221;40&#8243;][vc_column]<h1 class=\"headline font-special fontsize-xl fontweight-700 lh-12 align-center transform-inherit \" style=\"margin: 40px 0 20px 0;\">simpTASK Inform\u00e1ci\u00f3 \u00e9s dokumentum megoszt\u00e1s<br \/>\n<\/h1><h2 class=\"headline font-inherit fontsize-l fontweight-inherit lh-inherit align-center transform-inherit \" style=\"margin: 0 0 20px 0;\">A simpTASK-ban jegyzeteket \u00e9s hivatkoz\u00e1sokat rendelhet minden nyilv\u00e1ntartott projekthez \u00e9s feladathoz, ezzel is jav\u00edtva a c\u00e9gen bel\u00fcli inform\u00e1ci\u00f3\u00e1raml\u00e1st, \u00e9s n\u00f6velve a munkav\u00e9gz\u00e9s hat\u00e9konys\u00e1g\u00e1t<br \/>\n<\/h2>[\/vc_column][\/vc_row][vc_row top_padding=&#8221;40&#8243; bottom_padding=&#8221;40&#8243;][vc_column width=&#8221;1\/3&#8243;]<div class=\"iconbox  wpb_content_element iconbox-style-3 icon-color-accent color-dark\"><i class=\"fa fa-plus-square-o boxicon\" style=\"\"><\/i><h3>Jegyzetek l\u00e9trehoz\u00e1sa<\/h3><p>\n<p>A rendszerben nyilv\u00e1ntartott minden projekthez \u00e9s feladathoz k\u00e9sz\u00edthet form\u00e1zott sz\u00f6veget tartalmaz\u00f3 jegyzeteket, melyekben b\u00e1rmilyen inform\u00e1ci\u00f3t megoszthat az adott munk\u00e1n dolgoz\u00f3 \u00f6sszes felhaszn\u00e1l\u00f3val<\/p>\n<\/p><\/div>[\/vc_column][vc_column width=&#8221;1\/3&#8243;]<div class=\"iconbox  wpb_content_element iconbox-style-3 icon-color-accent color-dark\"><i class=\"fa fa-link boxicon\" style=\"\"><\/i><h3>Hivatkoz\u00e1sok<\/h3><p>\n<p>A jegyzetekhez hivatkoz\u00e1st is csatolhat, \u00edgy a feladathoz vagy projekthez linkelheti m\u00e1s szolg\u00e1ltat\u00f3n\u00e1l (pl.: Google Drive, OneDrive, Dropbox) t\u00e1rolt dokumentumait, vagy b\u00e1rmit az internetr\u0151l<\/p>\n<\/p><\/div>[\/vc_column][vc_column width=&#8221;1\/3&#8243;]<div class=\"iconbox  wpb_content_element iconbox-style-3 icon-color-accent color-dark\"><i class=\"fa fa-files-o boxicon\" style=\"\"><\/i><h3>Verzi\u00f3kezel\u00e9s<\/h3><p>\n<p>A simpTASK minden m\u00f3dos\u00edt\u00e1sn\u00e1l \u00fajabb verzi\u00f3k\u00e9nt t\u00e1rolja a jegyzeteket, \u00edgy nem vesz\u00edtheti el kor\u00e1bbi adatait, minden ment\u00e9sre ker\u00fclt jegyzet a j\u00f6v\u0151ben is b\u00e1rmikor visszakereshet\u0151<\/p>\n<\/p><\/div>[\/vc_column][\/vc_row][vc_row top_padding=&#8221;40&#8243; bottom_padding=&#8221;40&#8243;][vc_column text_align=&#8221;center&#8221; width=&#8221;1\/1&#8243;][vc_column_text]<\/p>\n<h3 style=\"text-align: center;\">Pr\u00f3b\u00e1lja ki szoftver\u00fcnket v\u00e1llalkoz\u00e1sa hat\u00e9konyabb m\u0171k\u00f6d\u00e9s\u00e9\u00e9rt!<\/h3>\n<p>[\/vc_column_text]<a href=\"https:\/\/simptask.com\/hu\/kapcsolat\/\" target=\"_self\" class=\"button color-3 large \" style=\"border-radius: 2px;\">KAPCSOLAT<\/a>[\/vc_column][\/vc_row]<\/p>\n","protected":false},"excerpt":{"rendered":"<p>[vc_row top_padding=&#8221;50&#8243; bottom_padding=&#8221;40&#8243;][vc_column][\/vc_column][\/vc_row][vc_row top_padding=&#8221;40&#8243; bottom_padding=&#8221;40&#8243;][vc_column width=&#8221;1\/3&#8243;][\/vc_column][vc_column width=&#8221;1\/3&#8243;][\/vc_column][vc_column width=&#8221;1\/3&#8243;][\/vc_column][\/vc_row][vc_row top_padding=&#8221;40&#8243; bottom_padding=&#8221;40&#8243;][vc_column text_align=&#8221;center&#8221; width=&#8221;1\/1&#8243;][vc_column_text] Pr\u00f3b\u00e1lja ki szoftver\u00fcnket v\u00e1llalkoz\u00e1sa hat\u00e9konyabb m\u0171k\u00f6d\u00e9s\u00e9\u00e9rt! [\/vc_column_text][\/vc_column][\/vc_row]<\/p>\n","protected":false},"author":1,"featured_media":0,"parent":0,"menu_order":0,"comment_status":"closed","ping_status":"closed","template":"","meta":[],"_links":{"self":[{"href":"https:\/\/simptask.com\/hu\/wp-json\/wp\/v2\/pages\/2263"}],"collection":[{"href":"https:\/\/simptask.com\/hu\/wp-json\/wp\/v2\/pages"}],"about":[{"href":"https:\/\/simptask.com\/hu\/wp-json\/wp\/v2\/types\/page"}],"author":[{"embeddable":true,"href":"https:\/\/simptask.com\/hu\/wp-json\/wp\/v2\/users\/1"}],"replies":[{"embeddable":true,"href":"https:\/\/simptask.com\/hu\/wp-json\/wp\/v2\/comments?post=2263"}],"version-history":[{"count":6,"href":"https:\/\/simptask.com\/hu\/wp-json\/wp\/v2\/pages\/2263\/revisions"}],"predecessor-version":[{"id":3044,"href":"https:\/\/simptask.com\/hu\/wp-json\/wp\/v2\/pages\/2263\/revisions\/3044"}],"wp:attachment":[{"href":"https:\/\/simptask.com\/hu\/wp-json\/wp\/v2\/media?parent=2263"}],"curies":[{"name":"wp","href":"https:\/\/api.w.org\/{rel}","templated":true}]}}