{"id":2265,"date":"2016-01-11T08:37:39","date_gmt":"2016-01-11T08:37:39","guid":{"rendered":"https:\/\/simptask.com\/hu\/?page_id=2265"},"modified":"2022-05-31T08:09:29","modified_gmt":"2022-05-31T08:09:29","slug":"eszkozok","status":"publish","type":"page","link":"https:\/\/simptask.com\/hu\/eszkozok\/","title":{"rendered":"Eszk\u00f6znyilv\u00e1ntart\u00e1s \u00e9s -kezel\u00e9s"},"content":{"rendered":"<p>[vc_row top_padding=&#8221;50&#8243; bottom_padding=&#8221;40&#8243;][vc_column]<h1 class=\"headline font-special fontsize-xl fontweight-700 lh-12 align-center transform-inherit \" style=\"margin: 40px 0 20px 0;\">\nsimpTASK Eszk\u00f6znyilv\u00e1ntart\u00f3<br \/>\n<\/h1><h2 class=\"headline font-inherit fontsize-l fontweight-inherit lh-inherit align-center transform-inherit \" style=\"margin: 0 0 20px 0;\">A simpTASK-ban lehet\u0151s\u00e9ge ny\u00edlik a k\u00fcl\u00f6nb\u00f6z\u0151 c\u00e9ges eszk\u00f6z\u00f6k (pl.: aut\u00f3k, sz\u00e1m\u00edt\u00f3g\u00e9pek) foglal\u00e1sainak adminisztr\u00e1l\u00e1s\u00e1ra: a felhaszn\u00e1l\u00f3k k\u00f6nnyed\u00e9n jelezhetik ig\u00e9nyl\u00e9seiket, az er\u0151forr\u00e1sgazd\u00e1k pedig elb\u00edr\u00e1lhatj\u00e1k azokat<\/p>\n<\/h2>[\/vc_column][\/vc_row][vc_row top_padding=&#8221;40&#8243; bottom_padding=&#8221;40&#8243;][vc_column width=&#8221;1\/3&#8243;]<div class=\"iconbox  wpb_content_element iconbox-style-3 icon-color-accent color-dark\"><i class=\"fa fa-list boxicon\" style=\"\"><\/i><h3>Eszk\u00f6z\u00f6k nyilv\u00e1ntart\u00e1sa<\/h3><p>\n<p>A simpTASK-ban k\u00fcl\u00f6nb\u00f6z\u0151 kateg\u00f3ri\u00e1kba sorolva lehet nyilv\u00e1ntartani a c\u00e9ges eszk\u00f6z\u00f6ket. Megadhatja, hogy az adott eszk\u00f6z\u00a0mikor \u00e9rhet\u0151 el, ki ig\u00e9nyelheti, illetve hogy az ig\u00e9nyl\u00e9s automatikusan elfogad\u00e1sra ker\u00fcl, vagy csak j\u00f3v\u00e1hagy\u00e1s ut\u00e1n<\/p>\n<\/p><\/div>[\/vc_column][vc_column width=&#8221;1\/3&#8243;]<div class=\"iconbox  wpb_content_element iconbox-style-3 icon-color-accent color-dark\"><i class=\"fa fa-hand-o-up boxicon\" style=\"\"><\/i><h3>Eszk\u00f6z\u00f6k ig\u00e9nyl\u00e9se<\/h3><p>\n<p>Egy egyszer\u0171, napt\u00e1rszer\u0171 n\u00e9zetben lehet bek\u00fcldeni az ig\u00e9nyl\u00e9seket. A kiv\u00e1lasztott eszk\u00f6z\u00f6k\u00a0r\u00f6gz\u00edtett ig\u00e9nyl\u00e9seit b\u00e1rki l\u00e1thatja, ami sokat seg\u00edthet az \u00fctk\u00f6z\u00e9sek elker\u00fcl\u00e9s\u00e9ben, \u00e9s \u00edgy k\u00f6nny\u00edtheti az \u00d6n munk\u00e1j\u00e1t<\/p>\n<\/p><\/div>[\/vc_column][vc_column width=&#8221;1\/3&#8243;]<div class=\"iconbox  wpb_content_element iconbox-style-3 icon-color-accent color-dark\"><i class=\"fa fa-pencil boxicon\" style=\"\"><\/i><h3>Ig\u00e9nyl\u00e9sek menedzsel\u00e9se<\/h3><p>\n<p>Manu\u00e1lis j\u00f3v\u00e1hagy\u00e1s eset\u00e9n a k\u00e9r\u00e9sek csak enegd\u00e9lyez\u00e9s ut\u00e1n aktiv\u00e1l\u00f3dnak, az automatikus elfogad\u00e1s v\u00e1laszt\u00e1sa eset\u00e9n azonban csak \u00fctk\u00f6z\u00e9sekkor kell beavatkoznia, a t\u00f6bbit elv\u00e9gzi a simpTASK \u00d6n helyett<\/p>\n<\/p><\/div>[\/vc_column][\/vc_row][vc_row top_padding=&#8221;40&#8243; bottom_padding=&#8221;40&#8243;][vc_column text_align=&#8221;center&#8221; width=&#8221;1\/1&#8243;][vc_column_text]<\/p>\n<h3 style=\"text-align: center;\">Pr\u00f3b\u00e1lja ki szoftver\u00fcnket v\u00e1llalkoz\u00e1sa hat\u00e9konyabb m\u0171k\u00f6d\u00e9s\u00e9\u00e9rt!<\/h3>\n<p>[\/vc_column_text]<a href=\"https:\/\/simptask.com\/hu\/kapcsolat\/\" target=\"_self\" class=\"button color-3 large \" style=\"border-radius: 2px;\">KAPCSOLAT<\/a>[\/vc_column][\/vc_row]<\/p>\n","protected":false},"excerpt":{"rendered":"<p>[vc_row top_padding=&#8221;50&#8243; bottom_padding=&#8221;40&#8243;][vc_column][\/vc_column][\/vc_row][vc_row top_padding=&#8221;40&#8243; bottom_padding=&#8221;40&#8243;][vc_column width=&#8221;1\/3&#8243;][\/vc_column][vc_column width=&#8221;1\/3&#8243;][\/vc_column][vc_column width=&#8221;1\/3&#8243;][\/vc_column][\/vc_row][vc_row top_padding=&#8221;40&#8243; bottom_padding=&#8221;40&#8243;][vc_column text_align=&#8221;center&#8221; width=&#8221;1\/1&#8243;][vc_column_text] Pr\u00f3b\u00e1lja ki szoftver\u00fcnket v\u00e1llalkoz\u00e1sa hat\u00e9konyabb m\u0171k\u00f6d\u00e9s\u00e9\u00e9rt! [\/vc_column_text][\/vc_column][\/vc_row]<\/p>\n","protected":false},"author":1,"featured_media":0,"parent":0,"menu_order":0,"comment_status":"closed","ping_status":"closed","template":"","meta":[],"_links":{"self":[{"href":"https:\/\/simptask.com\/hu\/wp-json\/wp\/v2\/pages\/2265"}],"collection":[{"href":"https:\/\/simptask.com\/hu\/wp-json\/wp\/v2\/pages"}],"about":[{"href":"https:\/\/simptask.com\/hu\/wp-json\/wp\/v2\/types\/page"}],"author":[{"embeddable":true,"href":"https:\/\/simptask.com\/hu\/wp-json\/wp\/v2\/users\/1"}],"replies":[{"embeddable":true,"href":"https:\/\/simptask.com\/hu\/wp-json\/wp\/v2\/comments?post=2265"}],"version-history":[{"count":8,"href":"https:\/\/simptask.com\/hu\/wp-json\/wp\/v2\/pages\/2265\/revisions"}],"predecessor-version":[{"id":3050,"href":"https:\/\/simptask.com\/hu\/wp-json\/wp\/v2\/pages\/2265\/revisions\/3050"}],"wp:attachment":[{"href":"https:\/\/simptask.com\/hu\/wp-json\/wp\/v2\/media?parent=2265"}],"curies":[{"name":"wp","href":"https:\/\/api.w.org\/{rel}","templated":true}]}}