{"id":2275,"date":"2016-01-11T14:42:52","date_gmt":"2016-01-11T14:42:52","guid":{"rendered":"https:\/\/simptask.com\/hu\/?page_id=2275"},"modified":"2022-05-31T08:05:34","modified_gmt":"2022-05-31T08:05:34","slug":"munkatarsak","status":"publish","type":"page","link":"https:\/\/simptask.com\/hu\/munkatarsak\/","title":{"rendered":"Munkat\u00e1rsak adatainak nyilv\u00e1ntart\u00e1sa a simpTASK-ban"},"content":{"rendered":"<p>[vc_row top_padding=&#8221;50&#8243; bottom_padding=&#8221;40&#8243;][vc_column]<h1 class=\"headline font-special fontsize-xl fontweight-700 lh-12 align-center transform-inherit \" style=\"margin: 40px 0 20px 0;\">\n<p>simpTASK Munkat\u00e1rs-nyilv\u00e1ntart\u00e1s<\/p>\n<\/h1><h2 class=\"headline font-inherit fontsize-l fontweight-inherit lh-inherit align-center transform-inherit \" style=\"margin: 0 0 20px 0;\">\n<p>A rendszerben lehet\u0151s\u00e9ge ny\u00edlik a koll\u00e9g\u00e1k k\u00fcl\u00f6nb\u00f6z\u0151 szem\u00e9lyes \u00e9s c\u00e9ges adatainak t\u00e1rol\u00e1s\u00e1ra, \u00edgy egy helyen l\u00e1thatja a csapat\u00e1hoz kapcsol\u00f3d\u00f3 \u00f6sszes fontosabb inform\u00e1ci\u00f3t<\/p>\n<\/h2>[\/vc_column][\/vc_row][vc_row top_padding=&#8221;40&#8243; bottom_padding=&#8221;40&#8243;][vc_column width=&#8221;1\/3&#8243;]<div class=\"iconbox  wpb_content_element iconbox-style-3 icon-color-accent color-dark\"><i class=\"fa fa-file-text-o boxicon\" style=\"\"><\/i><h3>Szem\u00e9lyes adatok<\/h3><p>\n<p>A simpTASK-ban t\u00e1rolni lehet minden dolgoz\u00f3 nev\u00e9t \u00e9s el\u00e9rhet\u0151s\u00e9geit, \u00edgy azok mindig a HR-r\u00e9szleg \u00e9s m\u00e1s adminisztr\u00e1tori jogosults\u00e1g\u00fa felhaszn\u00e1l\u00f3k rendelkez\u00e9s\u00e9re \u00e1llnak<\/p>\n<\/p><\/div>[\/vc_column][vc_column width=&#8221;1\/3&#8243;]<div class=\"iconbox  wpb_content_element iconbox-style-3 icon-color-accent color-dark\"><i class=\"fa fa-file-text boxicon\" style=\"\"><\/i><h3>C\u00e9ges adatok<\/h3><p>\n<p>A rendszer nyilv\u00e1ntartja a c\u00e9ges adatait (pl.: szervezet, beoszt\u00e1s, be- \u00e9s kil\u00e9p\u00e9s id\u0151pontja), melyek b\u00e1rmikor megtekinthet\u0151k, illetve m\u00f3dos\u00edthat\u00f3k a megfelel\u0151 jogosults\u00e1g birtok\u00e1ban<\/p>\n<\/p><\/div>[\/vc_column][vc_column width=&#8221;1\/3&#8243;]<div class=\"iconbox  wpb_content_element iconbox-style-3 icon-color-accent color-dark\"><i class=\"fa fa-users boxicon\" style=\"\"><\/i><h3>Felhaszn\u00e1l\u00f3lista<\/h3><p>\n<p>A felhaszn\u00e1l\u00f3k list\u00e1ja t\u00e1bl\u00e1zatosan mutatja a munkav\u00e9gz\u0151k k\u00fcl\u00f6nb\u00f6z\u0151 adatait. A lista sz\u00e1mos sz\u0171r\u00e9si \u00e9s rendez\u00e9si lehet\u0151s\u00e9get biztos\u00edt, \u00edgy k\u00f6nnyen \u00e9s gyorsan lehet el\u0151keresni a sz\u00fcks\u00e9ges adatokat<\/p>\n<\/p><\/div>[\/vc_column][\/vc_row][vc_row top_padding=&#8221;40&#8243; bottom_padding=&#8221;40&#8243;][vc_column text_align=&#8221;center&#8221; width=&#8221;1\/1&#8243;][vc_column_text]<\/p>\n<h3 style=\"text-align: center;\">Pr\u00f3b\u00e1lja ki szoftver\u00fcnket v\u00e1llalkoz\u00e1sa hat\u00e9konyabb m\u0171k\u00f6d\u00e9s\u00e9\u00e9rt!<\/h3>\n<p>[\/vc_column_text]<a href=\"https:\/\/simptask.com\/hu\/kapcsolat\/\" target=\"_self\" class=\"button color-3 large \" style=\"border-radius: 2px;\">KAPCSOLAT<\/a>[\/vc_column][\/vc_row]<\/p>\n","protected":false},"excerpt":{"rendered":"<p>[vc_row top_padding=&#8221;50&#8243; bottom_padding=&#8221;40&#8243;][vc_column][\/vc_column][\/vc_row][vc_row top_padding=&#8221;40&#8243; bottom_padding=&#8221;40&#8243;][vc_column width=&#8221;1\/3&#8243;][\/vc_column][vc_column width=&#8221;1\/3&#8243;][\/vc_column][vc_column width=&#8221;1\/3&#8243;][\/vc_column][\/vc_row][vc_row top_padding=&#8221;40&#8243; bottom_padding=&#8221;40&#8243;][vc_column text_align=&#8221;center&#8221; width=&#8221;1\/1&#8243;][vc_column_text] Pr\u00f3b\u00e1lja ki szoftver\u00fcnket v\u00e1llalkoz\u00e1sa hat\u00e9konyabb m\u0171k\u00f6d\u00e9s\u00e9\u00e9rt! [\/vc_column_text][\/vc_column][\/vc_row]<\/p>\n","protected":false},"author":1,"featured_media":0,"parent":0,"menu_order":0,"comment_status":"closed","ping_status":"closed","template":"","meta":[],"_links":{"self":[{"href":"https:\/\/simptask.com\/hu\/wp-json\/wp\/v2\/pages\/2275"}],"collection":[{"href":"https:\/\/simptask.com\/hu\/wp-json\/wp\/v2\/pages"}],"about":[{"href":"https:\/\/simptask.com\/hu\/wp-json\/wp\/v2\/types\/page"}],"author":[{"embeddable":true,"href":"https:\/\/simptask.com\/hu\/wp-json\/wp\/v2\/users\/1"}],"replies":[{"embeddable":true,"href":"https:\/\/simptask.com\/hu\/wp-json\/wp\/v2\/comments?post=2275"}],"version-history":[{"count":5,"href":"https:\/\/simptask.com\/hu\/wp-json\/wp\/v2\/pages\/2275\/revisions"}],"predecessor-version":[{"id":3048,"href":"https:\/\/simptask.com\/hu\/wp-json\/wp\/v2\/pages\/2275\/revisions\/3048"}],"wp:attachment":[{"href":"https:\/\/simptask.com\/hu\/wp-json\/wp\/v2\/media?parent=2275"}],"curies":[{"name":"wp","href":"https:\/\/api.w.org\/{rel}","templated":true}]}}