{"id":2278,"date":"2016-01-11T14:59:25","date_gmt":"2016-01-11T14:59:25","guid":{"rendered":"https:\/\/simptask.com\/hu\/?page_id=2278"},"modified":"2022-05-31T08:02:34","modified_gmt":"2022-05-31T08:02:34","slug":"ugyfelek","status":"publish","type":"page","link":"https:\/\/simptask.com\/hu\/ugyfelek\/","title":{"rendered":"\u00dcgyfelek adatainak nyilv\u00e1ntart\u00e1sa"},"content":{"rendered":"<p>[vc_row top_padding=&#8221;50&#8243; bottom_padding=&#8221;40&#8243;][vc_column]<h1 class=\"headline font-special fontsize-xl fontweight-700 lh-12 align-center transform-inherit \" style=\"margin: 40px 0 20px 0;\">\nsimpTASK \u00dcgyf\u00e9l-nyilv\u00e1ntart\u00e1s<\/p>\n<\/h1><h2 class=\"headline font-inherit fontsize-l fontweight-inherit lh-inherit align-center transform-inherit \" style=\"margin: 0 0 20px 0;\">\nA simpTASK-ban list\u00e1t vezethet a c\u00e9g k\u00fcls\u0151 \u00e9s bels\u0151 \u00fcgyfeleir\u0151l, illetve feljegyezheti a kapcsolattart\u00f3k adatait is<\/p>\n<\/h2>[\/vc_column][\/vc_row][vc_row top_padding=&#8221;40&#8243; bottom_padding=&#8221;40&#8243;][vc_column width=&#8221;1\/3&#8243;]<div class=\"iconbox  wpb_content_element iconbox-style-3 icon-color-accent color-dark\"><i class=\"fa fa-files-o boxicon\" style=\"\"><\/i><h3>K\u00fcls\u0151 \u00e9s bels\u0151 \u00fcgyfelek<\/h3><p>\n<p>A simpTASK list\u00e1t k\u00e9sz\u00edt a projektjeihez kapcsol\u00f3d\u00f3 \u00fcgyfelekb\u0151l, bele\u00e9rtve mind a bels\u0151 c\u00e9ges, mind pedig a k\u00fcls\u0151 \u00fcgyf\u00e9lprojekteket<\/p>\n<\/p><\/div>[\/vc_column][vc_column width=&#8221;1\/3&#8243;]<div class=\"iconbox  wpb_content_element iconbox-style-3 icon-color-accent color-dark\"><i class=\"fa fa-phone boxicon\" style=\"\"><\/i><h3>Kapcsolattart\u00f3k adatai<\/h3><p>\n<p>A rendszer nem csak az \u00fcgyfelet, hanem annak kapcsolattart\u00f3 szem\u00e9ly\u00e9t \u00e9s el\u00e9rhet\u0151s\u00e9geit is nyilv\u00e1ntartja, \u00edgy \u00d6n mindig tudhatja, hogy kinek kell k\u00f6zvetlen\u00fcl kommunik\u00e1lnia a projektek eredm\u00e9nyeit<\/p>\n<\/p><\/div>[\/vc_column][vc_column width=&#8221;1\/3&#8243;]<div class=\"iconbox  wpb_content_element iconbox-style-3 icon-color-accent color-dark\"><i class=\"fa fa-users boxicon\" style=\"\"><\/i><h3>\u00dcgyf\u00e9llista<\/h3><p>\n<p>Az \u00fcgyfelek t\u00e1bl\u00e1zatos list\u00e1ja is megtekinthet\u0151 az adminisztr\u00e1torok sz\u00e1m\u00e1ra. A lista sz\u00e1mos sz\u0171r\u00e9si \u00e9s rendez\u00e9si lehet\u0151s\u00e9get biztos\u00edt, \u00edgy k\u00f6nnyen \u00e9s gyorsan lehet el\u0151keresni a sz\u00fcks\u00e9ges adatokat<\/p>\n<\/p><\/div>[\/vc_column][\/vc_row][vc_row top_padding=&#8221;40&#8243; bottom_padding=&#8221;40&#8243;][vc_column text_align=&#8221;center&#8221; width=&#8221;1\/1&#8243;][vc_column_text]<\/p>\n<h3 style=\"text-align: center;\">Pr\u00f3b\u00e1lja ki szoftver\u00fcnket v\u00e1llalkoz\u00e1sa hat\u00e9konyabb m\u0171k\u00f6d\u00e9s\u00e9\u00e9rt!<\/h3>\n<p>[\/vc_column_text]<a href=\"https:\/\/simptask.com\/hu\/kapcsolat\/\" target=\"_self\" class=\"button color-3 large \" style=\"border-radius: 2px;\">KAPCSOLAT<\/a>[\/vc_column][\/vc_row]<\/p>\n","protected":false},"excerpt":{"rendered":"<p>[vc_row top_padding=&#8221;50&#8243; bottom_padding=&#8221;40&#8243;][vc_column][\/vc_column][\/vc_row][vc_row top_padding=&#8221;40&#8243; bottom_padding=&#8221;40&#8243;][vc_column width=&#8221;1\/3&#8243;][\/vc_column][vc_column width=&#8221;1\/3&#8243;][\/vc_column][vc_column width=&#8221;1\/3&#8243;][\/vc_column][\/vc_row][vc_row top_padding=&#8221;40&#8243; bottom_padding=&#8221;40&#8243;][vc_column text_align=&#8221;center&#8221; width=&#8221;1\/1&#8243;][vc_column_text] Pr\u00f3b\u00e1lja ki szoftver\u00fcnket v\u00e1llalkoz\u00e1sa hat\u00e9konyabb m\u0171k\u00f6d\u00e9s\u00e9\u00e9rt! [\/vc_column_text][\/vc_column][\/vc_row]<\/p>\n","protected":false},"author":1,"featured_media":0,"parent":0,"menu_order":0,"comment_status":"closed","ping_status":"closed","template":"","meta":[],"_links":{"self":[{"href":"https:\/\/simptask.com\/hu\/wp-json\/wp\/v2\/pages\/2278"}],"collection":[{"href":"https:\/\/simptask.com\/hu\/wp-json\/wp\/v2\/pages"}],"about":[{"href":"https:\/\/simptask.com\/hu\/wp-json\/wp\/v2\/types\/page"}],"author":[{"embeddable":true,"href":"https:\/\/simptask.com\/hu\/wp-json\/wp\/v2\/users\/1"}],"replies":[{"embeddable":true,"href":"https:\/\/simptask.com\/hu\/wp-json\/wp\/v2\/comments?post=2278"}],"version-history":[{"count":4,"href":"https:\/\/simptask.com\/hu\/wp-json\/wp\/v2\/pages\/2278\/revisions"}],"predecessor-version":[{"id":3046,"href":"https:\/\/simptask.com\/hu\/wp-json\/wp\/v2\/pages\/2278\/revisions\/3046"}],"wp:attachment":[{"href":"https:\/\/simptask.com\/hu\/wp-json\/wp\/v2\/media?parent=2278"}],"curies":[{"name":"wp","href":"https:\/\/api.w.org\/{rel}","templated":true}]}}