{"id":33,"date":"2015-06-26T13:10:39","date_gmt":"2015-06-26T13:10:39","guid":{"rendered":"http:\/\/moresimp.com\/?page_id=33"},"modified":"2023-01-18T10:58:45","modified_gmt":"2023-01-18T10:58:45","slug":"kapcsolat","status":"publish","type":"page","link":"https:\/\/simptask.com\/hu\/kapcsolat\/","title":{"rendered":"Kapcsolat"},"content":{"rendered":"<p>[vc_row bg_image=&#8221;984&#8243; bg_repeat=&#8221;no-repeat&#8221; parallax_bg=&#8221;true&#8221; bg_color=&#8221;#aebf4f&#8221; text_color=&#8221;light&#8221; top_padding=&#8221;195&#8243; bottom_padding=&#8221;195&#8243; bg_position=&#8221;center center&#8221;][vc_column width=&#8221;1\/1&#8243;]<div class=\"headline font-special fontsize-m fontweight-700 lh-inherit align-left transform-uppercase \" style=\"margin: 0; color: rgba(255,255,255,0.7);\">\n<p>Kapcsolat<\/p>\n<\/div><h1 class=\"headline font-special fontsize-xxxxl fontweight-700 lh-12 align-left transform-uppercase \" style=\"margin: 0; color: #ffffff;\">\n<p>\u00cdrjon nek\u00fcnk!<\/p>\n<\/h1>[\/vc_column][\/vc_row][vc_row top_padding=&#8221;80&#8243; bottom_padding=&#8221;80&#8243; bg_position=&#8221;left top&#8221;][vc_column width=&#8221;1\/2&#8243;]<h2 class=\"headline font-special fontsize-m fontweight-700 lh-inherit align-left transform-uppercase \" style=\"margin: 0 0 20px 0;\">\n<p>Kapcsolat<\/p>\n<\/h2>[vc_column_text]<\/p>\n<p>Amennyiben b\u00e1rmilyen k\u00e9rd\u00e9se van, b\u00e1tran vegye fel vel\u00fcnk a kapcsolatot!<\/p>\n<p>[\/vc_column_text]\n<div class=\"wpcf7 no-js\" id=\"wpcf7-f1928-o1\" lang=\"hu-HU\" dir=\"ltr\">\n<div class=\"screen-reader-response\"><p role=\"status\" aria-live=\"polite\" aria-atomic=\"true\"><\/p> <ul><\/ul><\/div>\n<form action=\"\/hu\/wp-json\/wp\/v2\/pages\/33#wpcf7-f1928-o1\" method=\"post\" class=\"wpcf7-form init\" aria-label=\"Kapcsolatfelv\u00e9teli \u0171rlap\" novalidate=\"novalidate\" data-status=\"init\">\n<div style=\"display: none;\">\n<input type=\"hidden\" name=\"_wpcf7\" value=\"1928\" \/>\n<input type=\"hidden\" name=\"_wpcf7_version\" value=\"5.7.7\" \/>\n<input type=\"hidden\" name=\"_wpcf7_locale\" value=\"hu_HU\" \/>\n<input type=\"hidden\" name=\"_wpcf7_unit_tag\" value=\"wpcf7-f1928-o1\" \/>\n<input type=\"hidden\" name=\"_wpcf7_container_post\" value=\"0\" \/>\n<input type=\"hidden\" name=\"_wpcf7_posted_data_hash\" value=\"\" \/>\n<input type=\"hidden\" name=\"_wpcf7_recaptcha_response\" value=\"\" \/>\n<\/div>\n<p>N\u00e9v (k\u00f6telez\u0151)\n<\/p>\n<p><span class=\"wpcf7-form-control-wrap\" data-name=\"your-name\"><input size=\"40\" class=\"wpcf7-form-control wpcf7-text wpcf7-validates-as-required\" aria-required=\"true\" aria-invalid=\"false\" value=\"\" type=\"text\" name=\"your-name\" \/><\/span>\n<\/p>\n<p>E-mail (k\u00f6telez\u0151)\n<\/p>\n<p><span class=\"wpcf7-form-control-wrap\" data-name=\"your-email\"><input size=\"40\" class=\"wpcf7-form-control wpcf7-text wpcf7-email wpcf7-validates-as-required wpcf7-validates-as-email\" aria-required=\"true\" aria-invalid=\"false\" value=\"\" type=\"email\" name=\"your-email\" \/><\/span>\n<\/p>\n<p>T\u00e1rgy\n<\/p>\n<p><span class=\"wpcf7-form-control-wrap\" data-name=\"your-subject\"><input size=\"40\" class=\"wpcf7-form-control wpcf7-text\" aria-invalid=\"false\" value=\"\" type=\"text\" name=\"your-subject\" \/><\/span>\n<\/p>\n<p>\u00dczenet\n<\/p>\n<p><span class=\"wpcf7-form-control-wrap\" data-name=\"your-message\"><textarea cols=\"40\" rows=\"10\" class=\"wpcf7-form-control wpcf7-textarea\" aria-invalid=\"false\" name=\"your-message\"><\/textarea><\/span>\n<\/p>\n<p>\n<span class=\"wpcf7-form-control-wrap recaptcha\" data-name=\"recaptcha\"><span data-sitekey=\"6LeNAgMTAAAAABGWfehLUZCwsq7Few3O0KTP0tmL\" class=\"wpcf7-form-control g-recaptcha wpcf7-recaptcha\"><\/span>\r\n<noscript>\r\n\t<div class=\"grecaptcha-noscript\">\r\n\t\t<iframe src=\"https:\/\/www.google.com\/recaptcha\/api\/fallback?k=6LeNAgMTAAAAABGWfehLUZCwsq7Few3O0KTP0tmL\" frameborder=\"0\" scrolling=\"no\" width=\"310\" height=\"430\">\r\n\t\t<\/iframe>\r\n\t\t<textarea name=\"g-recaptcha-response\" rows=\"3\" cols=\"40\" placeholder=\"reCaptcha Response Here\">\r\n\t\t<\/textarea>\r\n\t<\/div>\r\n<\/noscript>\r\n<\/span>\n<\/p>\n<p><input class=\"wpcf7-form-control has-spinner wpcf7-submit\" type=\"submit\" value=\"Elk\u00fcld\" \/>\n<\/p><div class=\"wpcf7-response-output\" aria-hidden=\"true\"><\/div>\n<\/form>\n<\/div>\n[\/vc_column][vc_column width=&#8221;1\/2&#8243;]<h2 class=\"headline font-special fontsize-m fontweight-700 lh-inherit align-left transform-uppercase \" style=\"margin: 0 0 20px 0;\">\n<p>E-mail<\/p>\n<\/h2><div class=\"headline font-special fontsize-xl fontweight-700 lh-inherit align-left transform-inherit \" style=\"margin: -20px 0 -10px 0; color: #aebf4f;\">aron.boldog@moresimp.com<\/p>\n<\/div><div class=\"spacer\" style=\"height: 60px;\"><\/div><h2 class=\"headline font-special fontsize-m fontweight-700 lh-inherit align-left transform-uppercase \" style=\"margin: 0 0 20px 0;\">\n<p>Telefonsz\u00e1m<\/p>\n<\/h2><h2 class=\"headline font-special fontsize-m fontweight-700 lh-inherit align-left transform-uppercase \" style=\"margin: 0 0 20px 0; color: #999999;\">Boldog \u00c1ron<br \/>\n<\/h2><div class=\"headline font-special fontsize-xxl fontweight-700 lh-inherit align-left transform-uppercase \" style=\"margin: -20px 0 -10px 0; color: #aebf4f;\">+36 30 224 5209<\/p>\n<\/div><div class=\"headline font-special fontsize-s fontweight-700 lh-inherit align-left transform-uppercase \" style=\"margin: 20px 0 20px 0; color: #999999;\">El\u00e9rhet\u0151: 9-t\u0151l 17 \u00f3r\u00e1ig<\/p>\n<\/div><div class=\"spacer\" style=\"height: 30px;\"><\/div><h2 class=\"headline font-inherit fontsize-l fontweight-700 lh-inherit align-left transform-inherit \" style=\"margin: 0 0 10px 0;\">MORESIMP Kft.<\/p>\n<\/h2><div class=\"headline font-inherit fontsize-m fontweight-inherit lh-inherit align-left transform-inherit \" style=\"margin: 0 0 10px 0;\">1047 Budapest, Attila utca 12-18. A \u00e9p\u00fclet 1. emelet 113.<br \/>\n<\/div><div class=\"spacer\" style=\"height: 30px;\"><\/div>[vc_column_text]<\/p>\n<table>\n<tbody>\n<tr>\n<td><div class=\"social-icon social-big\"><a href=\"https:\/\/facebook.com\/moresimp\" target=\"_blank\" title=\"\"><i class=\"fa fa-facebook\"><\/i><\/a><\/div><\/td>\n<td><div class=\"social-icon social-big\"><a href=\"https:\/\/linkedin.com\/company\/moresimp\" target=\"_blank\" title=\"\"><i class=\"fa fa-linkedin\"><\/i><\/a><\/div><\/td>\n<td><div class=\"social-icon social-big\"><a href=\"https:\/\/twitter.com\/moresimp\" target=\"_blank\" title=\"\"><i class=\"fa fa-twitter\"><\/i><\/a><\/div><\/td>\n<\/tr>\n<\/tbody>\n<\/table>\n<p>[\/vc_column_text][\/vc_column][\/vc_row]<\/p>\n","protected":false},"excerpt":{"rendered":"<p>[vc_row bg_image=&#8221;984&#8243; bg_repeat=&#8221;no-repeat&#8221; parallax_bg=&#8221;true&#8221; bg_color=&#8221;#aebf4f&#8221; text_color=&#8221;light&#8221; top_padding=&#8221;195&#8243; bottom_padding=&#8221;195&#8243; bg_position=&#8221;center center&#8221;][vc_column width=&#8221;1\/1&#8243;][\/vc_column][\/vc_row][vc_row top_padding=&#8221;80&#8243; bottom_padding=&#8221;80&#8243; bg_position=&#8221;left top&#8221;][vc_column width=&#8221;1\/2&#8243;][vc_column_text] Amennyiben b\u00e1rmilyen k\u00e9rd\u00e9se van, b\u00e1tran vegye fel vel\u00fcnk a kapcsolatot! [\/vc_column_text][\/vc_column][vc_column width=&#8221;1\/2&#8243;][vc_column_text] [\/vc_column_text][\/vc_column][\/vc_row]<\/p>\n","protected":false},"author":1,"featured_media":0,"parent":0,"menu_order":0,"comment_status":"closed","ping_status":"closed","template":"","meta":[],"_links":{"self":[{"href":"https:\/\/simptask.com\/hu\/wp-json\/wp\/v2\/pages\/33"}],"collection":[{"href":"https:\/\/simptask.com\/hu\/wp-json\/wp\/v2\/pages"}],"about":[{"href":"https:\/\/simptask.com\/hu\/wp-json\/wp\/v2\/types\/page"}],"author":[{"embeddable":true,"href":"https:\/\/simptask.com\/hu\/wp-json\/wp\/v2\/users\/1"}],"replies":[{"embeddable":true,"href":"https:\/\/simptask.com\/hu\/wp-json\/wp\/v2\/comments?post=33"}],"version-history":[{"count":76,"href":"https:\/\/simptask.com\/hu\/wp-json\/wp\/v2\/pages\/33\/revisions"}],"predecessor-version":[{"id":3317,"href":"https:\/\/simptask.com\/hu\/wp-json\/wp\/v2\/pages\/33\/revisions\/3317"}],"wp:attachment":[{"href":"https:\/\/simptask.com\/hu\/wp-json\/wp\/v2\/media?parent=33"}],"curies":[{"name":"wp","href":"https:\/\/api.w.org\/{rel}","templated":true}]}}